{"id":15345,"date":"2024-03-07T22:29:47","date_gmt":"2024-03-07T21:29:47","guid":{"rendered":"https:\/\/www.promotio.sk\/shop\/nezaraden\u00e9\/nagami\/"},"modified":"2024-03-07T22:31:03","modified_gmt":"2024-03-07T21:31:03","slug":"nagami","status":"publish","type":"product","link":"https:\/\/www.promotio.sk\/de\/shop\/promo-items\/bottles_thermos_\/glass_bottles\/nagami\/","title":{"rendered":"NAGAMI"},"content":{"rendered":"<p>Glasflasche mit Bambusverschluss und Silikonh\u00fclle in f\u00fcnf verschiedenen Farben. 540 ml Fassungsverm\u00f6gen. Perfekt, um Ihre Kunden zu \u00fcberraschen und f\u00fcr Ihr Unternehmen zu werben.<br \/>Zusammensetzung: Glas, Silikon und Holz.<br \/>Bemerkungen: Tropfsicher.<br \/>\nPr\u00e4sentation in Designerbox.<\/p>","protected":false},"excerpt":{"rendered":"<p>Glass bottle with bamboo cap and silicone case in five different colours. 540 ml capacity. Perfect for surprising your customers<\/p>","protected":false},"featured_media":15346,"comment_status":"open","ping_status":"closed","template":"","meta":[],"product_cat":[364,368],"product_tag":[],"class_list":{"0":"post-15345","1":"product","2":"type-product","3":"status-publish","4":"has-post-thumbnail","6":"product_cat-bottles_thermos_","7":"product_cat-glass_bottles","9":"first","10":"instock","11":"shipping-taxable","12":"purchasable","13":"product-type-variable"},"_links":{"self":[{"href":"https:\/\/www.promotio.sk\/de\/wp-json\/wp\/v2\/product\/15345","targetHints":{"allow":["GET"]}}],"collection":[{"href":"https:\/\/www.promotio.sk\/de\/wp-json\/wp\/v2\/product"}],"about":[{"href":"https:\/\/www.promotio.sk\/de\/wp-json\/wp\/v2\/types\/product"}],"replies":[{"embeddable":true,"href":"https:\/\/www.promotio.sk\/de\/wp-json\/wp\/v2\/comments?post=15345"}],"wp:featuredmedia":[{"embeddable":true,"href":"https:\/\/www.promotio.sk\/de\/wp-json\/wp\/v2\/media\/15346"}],"wp:attachment":[{"href":"https:\/\/www.promotio.sk\/de\/wp-json\/wp\/v2\/media?parent=15345"}],"wp:term":[{"taxonomy":"product_cat","embeddable":true,"href":"https:\/\/www.promotio.sk\/de\/wp-json\/wp\/v2\/product_cat?post=15345"},{"taxonomy":"product_tag","embeddable":true,"href":"https:\/\/www.promotio.sk\/de\/wp-json\/wp\/v2\/product_tag?post=15345"}],"curies":[{"name":"wp","href":"https:\/\/api.w.org\/{rel}","templated":true}]}}