{"id":15111,"date":"2024-03-07T22:10:27","date_gmt":"2024-03-07T21:10:27","guid":{"rendered":"https:\/\/www.promotio.sk\/shop\/nezaraden\u00e9\/kinata\/"},"modified":"2024-03-07T22:11:07","modified_gmt":"2024-03-07T21:11:07","slug":"kinata","status":"publish","type":"product","link":"https:\/\/www.promotio.sk\/de\/shop\/promo-items\/bottles_thermos_\/thermos\/kinata\/","title":{"rendered":"KINATA"},"content":{"rendered":"<p>Doppelwandige Thermoskanne aus Edelstahl 304 mit extra herausnehmbarem Teesieb. Au\u00dfenwand aus Bambus. 500 ml Fassungsverm\u00f6gen. Mit der Thermoskanne von Kinata gibt es keinen kalten Kaffee mehr.<br \/>\n<br \/>Zusammensetzung: Edelstahl und Bambus.<br \/>Bemerkungen: W\u00e4rmekapazit\u00e4t: 6 Stunden hei\u00df und 15 Stunden kalt.<br \/>\nTropfschutz.<br \/>\nPr\u00e4sentation in \u00d6kodesign-Box.<br \/>\nNicht sp\u00fclmaschinenfest.<\/p>","protected":false},"excerpt":{"rendered":"<p>304 stainless steel double-walled thermos with extra removable tea infuser. External wall in bamboo. 500ml capacity. With the Kinata thermos,<\/p>","protected":false},"featured_media":15112,"comment_status":"open","ping_status":"closed","template":"","meta":[],"product_cat":[364,365],"product_tag":[],"class_list":{"0":"post-15111","1":"product","2":"type-product","3":"status-publish","4":"has-post-thumbnail","6":"product_cat-bottles_thermos_","7":"product_cat-thermos","9":"first","10":"instock","11":"shipping-taxable","12":"purchasable","13":"product-type-variable"},"_links":{"self":[{"href":"https:\/\/www.promotio.sk\/de\/wp-json\/wp\/v2\/product\/15111","targetHints":{"allow":["GET"]}}],"collection":[{"href":"https:\/\/www.promotio.sk\/de\/wp-json\/wp\/v2\/product"}],"about":[{"href":"https:\/\/www.promotio.sk\/de\/wp-json\/wp\/v2\/types\/product"}],"replies":[{"embeddable":true,"href":"https:\/\/www.promotio.sk\/de\/wp-json\/wp\/v2\/comments?post=15111"}],"wp:featuredmedia":[{"embeddable":true,"href":"https:\/\/www.promotio.sk\/de\/wp-json\/wp\/v2\/media\/15112"}],"wp:attachment":[{"href":"https:\/\/www.promotio.sk\/de\/wp-json\/wp\/v2\/media?parent=15111"}],"wp:term":[{"taxonomy":"product_cat","embeddable":true,"href":"https:\/\/www.promotio.sk\/de\/wp-json\/wp\/v2\/product_cat?post=15111"},{"taxonomy":"product_tag","embeddable":true,"href":"https:\/\/www.promotio.sk\/de\/wp-json\/wp\/v2\/product_tag?post=15111"}],"curies":[{"name":"wp","href":"https:\/\/api.w.org\/{rel}","templated":true}]}}