{"id":15071,"date":"2024-03-07T22:07:06","date_gmt":"2024-03-07T21:07:06","guid":{"rendered":"https:\/\/www.promotio.sk\/shop\/nezaraden\u00e9\/yaca\/"},"modified":"2024-03-07T22:08:24","modified_gmt":"2024-03-07T21:08:24","slug":"yaca","status":"publish","type":"product","link":"https:\/\/www.promotio.sk\/de\/shop\/promo-items\/bottles_thermos_\/bottles\/yaca\/","title":{"rendered":"YACA"},"content":{"rendered":"<p>Aluminiumflasche mit Karabiner. Schwarzer Deckel und Karabiner in der gleichen Metallicfarbe wie die Flasche. Fassungsverm\u00f6gen 330 ml. Dank ihrer Gr\u00f6\u00dfe k\u00f6nnen Sie sie jederzeit bequem mitnehmen.<br \/>Zusammensetzung: Aluminium<br \/>Bemerkungen: Tropfsicher.<br \/>\nPr\u00e4sentation in Designerbox.<br \/>\nHandw\u00e4sche empfohlen.<\/p>","protected":false},"excerpt":{"rendered":"<p>Aluminium bottle with carabiner. Black cap and carabiner in the same metallic colour as the bottle. 330 ml capacity. Its<\/p>","protected":false},"featured_media":15072,"comment_status":"open","ping_status":"closed","template":"","meta":[],"product_cat":[367,364],"product_tag":[],"class_list":{"0":"post-15071","1":"product","2":"type-product","3":"status-publish","4":"has-post-thumbnail","6":"product_cat-bottles","7":"product_cat-bottles_thermos_","9":"first","10":"instock","11":"shipping-taxable","12":"purchasable","13":"product-type-variable"},"_links":{"self":[{"href":"https:\/\/www.promotio.sk\/de\/wp-json\/wp\/v2\/product\/15071","targetHints":{"allow":["GET"]}}],"collection":[{"href":"https:\/\/www.promotio.sk\/de\/wp-json\/wp\/v2\/product"}],"about":[{"href":"https:\/\/www.promotio.sk\/de\/wp-json\/wp\/v2\/types\/product"}],"replies":[{"embeddable":true,"href":"https:\/\/www.promotio.sk\/de\/wp-json\/wp\/v2\/comments?post=15071"}],"wp:featuredmedia":[{"embeddable":true,"href":"https:\/\/www.promotio.sk\/de\/wp-json\/wp\/v2\/media\/15072"}],"wp:attachment":[{"href":"https:\/\/www.promotio.sk\/de\/wp-json\/wp\/v2\/media?parent=15071"}],"wp:term":[{"taxonomy":"product_cat","embeddable":true,"href":"https:\/\/www.promotio.sk\/de\/wp-json\/wp\/v2\/product_cat?post=15071"},{"taxonomy":"product_tag","embeddable":true,"href":"https:\/\/www.promotio.sk\/de\/wp-json\/wp\/v2\/product_tag?post=15071"}],"curies":[{"name":"wp","href":"https:\/\/api.w.org\/{rel}","templated":true}]}}