{"id":14936,"date":"2024-03-07T21:09:16","date_gmt":"2024-03-07T20:09:16","guid":{"rendered":"https:\/\/www.promotio.sk\/shop\/nezaraden\u00e9\/skye\/"},"modified":"2024-03-07T21:56:13","modified_gmt":"2024-03-07T20:56:13","slug":"skye","status":"publish","type":"product","link":"https:\/\/www.promotio.sk\/de\/shop\/promo-items\/summer\/skye\/","title":{"rendered":"Himmel"},"content":{"rendered":"<p>8-Panel-Sonnenschirm aus widerstandsf\u00e4higem Nylon, in verschiedenen Farben erh\u00e4ltlich. Verstellbarer Schaft und Speichen in Wei\u00df. Doppelt vern\u00e4hte Paspelierung in den Klappen. Tragetasche mit Schultergurt inklusive.<br \/>Zusammensetzung: 190T Polyester (60 g\/m\u00b2) und Edelstahl.<br \/>Bemerkungen: \u2013 UV-Schutz.<br \/>\n\u2013 Produktetikett in den Beutel eingen\u00e4ht.<\/p>","protected":false},"excerpt":{"rendered":"<p>8-panel beach umbrella made of resistant nylon, available in an assorted selection of colours. Adjustable shaft and ribs in white.<\/p>","protected":false},"featured_media":14937,"comment_status":"open","ping_status":"closed","template":"","meta":[],"product_cat":[350],"product_tag":[],"class_list":{"0":"post-14936","1":"product","2":"type-product","3":"status-publish","4":"has-post-thumbnail","6":"product_cat-summer","8":"first","9":"instock","10":"shipping-taxable","11":"purchasable","12":"product-type-variable"},"_links":{"self":[{"href":"https:\/\/www.promotio.sk\/de\/wp-json\/wp\/v2\/product\/14936","targetHints":{"allow":["GET"]}}],"collection":[{"href":"https:\/\/www.promotio.sk\/de\/wp-json\/wp\/v2\/product"}],"about":[{"href":"https:\/\/www.promotio.sk\/de\/wp-json\/wp\/v2\/types\/product"}],"replies":[{"embeddable":true,"href":"https:\/\/www.promotio.sk\/de\/wp-json\/wp\/v2\/comments?post=14936"}],"wp:featuredmedia":[{"embeddable":true,"href":"https:\/\/www.promotio.sk\/de\/wp-json\/wp\/v2\/media\/14937"}],"wp:attachment":[{"href":"https:\/\/www.promotio.sk\/de\/wp-json\/wp\/v2\/media?parent=14936"}],"wp:term":[{"taxonomy":"product_cat","embeddable":true,"href":"https:\/\/www.promotio.sk\/de\/wp-json\/wp\/v2\/product_cat?post=14936"},{"taxonomy":"product_tag","embeddable":true,"href":"https:\/\/www.promotio.sk\/de\/wp-json\/wp\/v2\/product_tag?post=14936"}],"curies":[{"name":"wp","href":"https:\/\/api.w.org\/{rel}","templated":true}]}}