{"id":14934,"date":"2024-03-07T21:09:11","date_gmt":"2024-03-07T20:09:11","guid":{"rendered":"https:\/\/www.promotio.sk\/shop\/nezaraden\u00e9\/feroe\/"},"modified":"2024-03-07T21:55:42","modified_gmt":"2024-03-07T20:55:42","slug":"feroe","status":"publish","type":"product","link":"https:\/\/www.promotio.sk\/de\/shop\/promo-items\/summer\/fun\/feroe\/","title":{"rendered":"FER\u00d6"},"content":{"rendered":"<p>Set aus zwei Strandschl\u00e4gern mit Ball. Schl\u00e4gerk\u00f6rper in Wei\u00df und Griff in der gleichen Farbe wie der Ball. <br \/>Zusammensetzung: Holz und Kunststoff.<br \/>Bemerkungen: Schl\u00e4germa\u00dfe ohne Griff: 18,5 x 19 cm.<br \/>\nPr\u00e4sentation im Netzbeutel.<\/p>","protected":false},"excerpt":{"rendered":"<p>Set of two beach rackets with ball. Racket body in white and handle in same colour as ball. Composition: Wood<\/p>","protected":false},"featured_media":14935,"comment_status":"open","ping_status":"closed","template":"","meta":[],"product_cat":[351,350],"product_tag":[],"class_list":{"0":"post-14934","1":"product","2":"type-product","3":"status-publish","4":"has-post-thumbnail","6":"product_cat-fun","7":"product_cat-summer","9":"first","10":"instock","11":"shipping-taxable","12":"purchasable","13":"product-type-variable"},"_links":{"self":[{"href":"https:\/\/www.promotio.sk\/de\/wp-json\/wp\/v2\/product\/14934","targetHints":{"allow":["GET"]}}],"collection":[{"href":"https:\/\/www.promotio.sk\/de\/wp-json\/wp\/v2\/product"}],"about":[{"href":"https:\/\/www.promotio.sk\/de\/wp-json\/wp\/v2\/types\/product"}],"replies":[{"embeddable":true,"href":"https:\/\/www.promotio.sk\/de\/wp-json\/wp\/v2\/comments?post=14934"}],"wp:featuredmedia":[{"embeddable":true,"href":"https:\/\/www.promotio.sk\/de\/wp-json\/wp\/v2\/media\/14935"}],"wp:attachment":[{"href":"https:\/\/www.promotio.sk\/de\/wp-json\/wp\/v2\/media?parent=14934"}],"wp:term":[{"taxonomy":"product_cat","embeddable":true,"href":"https:\/\/www.promotio.sk\/de\/wp-json\/wp\/v2\/product_cat?post=14934"},{"taxonomy":"product_tag","embeddable":true,"href":"https:\/\/www.promotio.sk\/de\/wp-json\/wp\/v2\/product_tag?post=14934"}],"curies":[{"name":"wp","href":"https:\/\/api.w.org\/{rel}","templated":true}]}}