{"id":14568,"date":"2024-03-07T20:47:18","date_gmt":"2024-03-07T19:47:18","guid":{"rendered":"https:\/\/www.promotio.sk\/shop\/nezaraden\u00e9\/wizer\/"},"modified":"2024-03-10T10:33:26","modified_gmt":"2024-03-10T09:33:26","slug":"wizer","status":"publish","type":"product","link":"https:\/\/www.promotio.sk\/de\/shop\/promo-clothing\/visor-caps-hats\/visor\/wizer\/","title":{"rendered":"WIZER"},"content":{"rendered":"<p>Bequemes technisches Visier aus weicher Mikrofaser mit verstellbarem Klettverschluss und gepolsterten Seiten f\u00fcr mehr Komfort. Ideal f\u00fcr Ihre intensivsten Sport\u00fcbungen.<br \/>\n<br \/>Zusammensetzung: Polyester<br \/>Bemerkungen: Gr\u00f6\u00dfe: 58 \u2013 60 cm.<\/p>","protected":false},"excerpt":{"rendered":"<p>Comfortable technical visor in soft microfibre with adjusting velcro fastening and padded sides for better comfort. Ideal for your most<\/p>","protected":false},"featured_media":14569,"comment_status":"open","ping_status":"closed","template":"","meta":[],"product_cat":[354,23,431],"product_tag":[],"class_list":{"0":"post-14568","1":"product","2":"type-product","3":"status-publish","4":"has-post-thumbnail","6":"product_cat-visor","7":"product_cat-promo-clothing","8":"product_cat-visor-caps-hats","10":"first","11":"instock","12":"shipping-taxable","13":"purchasable","14":"product-type-variable"},"_links":{"self":[{"href":"https:\/\/www.promotio.sk\/de\/wp-json\/wp\/v2\/product\/14568","targetHints":{"allow":["GET"]}}],"collection":[{"href":"https:\/\/www.promotio.sk\/de\/wp-json\/wp\/v2\/product"}],"about":[{"href":"https:\/\/www.promotio.sk\/de\/wp-json\/wp\/v2\/types\/product"}],"replies":[{"embeddable":true,"href":"https:\/\/www.promotio.sk\/de\/wp-json\/wp\/v2\/comments?post=14568"}],"wp:featuredmedia":[{"embeddable":true,"href":"https:\/\/www.promotio.sk\/de\/wp-json\/wp\/v2\/media\/14569"}],"wp:attachment":[{"href":"https:\/\/www.promotio.sk\/de\/wp-json\/wp\/v2\/media?parent=14568"}],"wp:term":[{"taxonomy":"product_cat","embeddable":true,"href":"https:\/\/www.promotio.sk\/de\/wp-json\/wp\/v2\/product_cat?post=14568"},{"taxonomy":"product_tag","embeddable":true,"href":"https:\/\/www.promotio.sk\/de\/wp-json\/wp\/v2\/product_tag?post=14568"}],"curies":[{"name":"wp","href":"https:\/\/api.w.org\/{rel}","templated":true}]}}