{"id":14464,"date":"2024-03-07T18:51:28","date_gmt":"2024-03-07T17:51:28","guid":{"rendered":"https:\/\/www.promotio.sk\/shop\/nezaraden\u00e9\/timber\/"},"modified":"2024-03-07T18:52:24","modified_gmt":"2024-03-07T17:52:24","slug":"timber","status":"publish","type":"product","link":"https:\/\/www.promotio.sk\/de\/shop\/promo-items\/bags_travel\/travel_accessories\/timber\/","title":{"rendered":"HOLZ"},"content":{"rendered":"<p>Der RFID-Kartenhalter aus recyceltem RPET-Polyester im Vigore-Design ist eine elegante und nachhaltige M\u00f6glichkeit, Ihre Karten organisiert aufzubewahren. Dieser Kartenhalter aus recyceltem RPET-Polyester tr\u00e4gt dazu bei, Abfall zu reduzieren und die Umwelt zu schonen.<br \/>\nMit seinem dynamischen Design verleiht der Kartenhalter Ihrem Stil eine moderne und elegante Note. Er verf\u00fcgt \u00fcber drei Kartenf\u00e4cher, in denen Sie Ihre Kredit-, Debit-, Ausweis- und alle anderen Karten, die Sie zur Hand haben m\u00fcssen, aufbewahren k\u00f6nnen.<br \/>\n Dar\u00fcber hinaus l\u00e4sst sich der Kartenhalter dank seines kompakten und leichten Designs perfekt in der Tasche oder Handtasche tragen, ohne zu viel Platz einzunehmen.<br \/>\nMit diesem Kartenhalter aus recyceltem RPET-Polyester k\u00f6nnen Sie Ihre Karten auf praktische und umweltbewusste Weise organisieren. Entscheiden Sie sich mit dem Kartenhalter aus recyceltem RPET-Polyester im Vigore-Design f\u00fcr eine nachhaltige und stilvolle Option.<br \/>Zusammensetzung: RPET<\/p>","protected":false},"excerpt":{"rendered":"<p>The RPET recycled polyester RFID card holder in vigore design is an elegant and sustainable option to keep your cards<\/p>","protected":false},"featured_media":14465,"comment_status":"open","ping_status":"closed","template":"","meta":[],"product_cat":[298,303],"product_tag":[],"class_list":{"0":"post-14464","1":"product","2":"type-product","3":"status-publish","4":"has-post-thumbnail","6":"product_cat-bags_travel","7":"product_cat-travel_accessories","9":"first","10":"instock","11":"shipping-taxable","12":"purchasable","13":"product-type-variable"},"_links":{"self":[{"href":"https:\/\/www.promotio.sk\/de\/wp-json\/wp\/v2\/product\/14464","targetHints":{"allow":["GET"]}}],"collection":[{"href":"https:\/\/www.promotio.sk\/de\/wp-json\/wp\/v2\/product"}],"about":[{"href":"https:\/\/www.promotio.sk\/de\/wp-json\/wp\/v2\/types\/product"}],"replies":[{"embeddable":true,"href":"https:\/\/www.promotio.sk\/de\/wp-json\/wp\/v2\/comments?post=14464"}],"wp:featuredmedia":[{"embeddable":true,"href":"https:\/\/www.promotio.sk\/de\/wp-json\/wp\/v2\/media\/14465"}],"wp:attachment":[{"href":"https:\/\/www.promotio.sk\/de\/wp-json\/wp\/v2\/media?parent=14464"}],"wp:term":[{"taxonomy":"product_cat","embeddable":true,"href":"https:\/\/www.promotio.sk\/de\/wp-json\/wp\/v2\/product_cat?post=14464"},{"taxonomy":"product_tag","embeddable":true,"href":"https:\/\/www.promotio.sk\/de\/wp-json\/wp\/v2\/product_tag?post=14464"}],"curies":[{"name":"wp","href":"https:\/\/api.w.org\/{rel}","templated":true}]}}