{"id":14443,"date":"2024-03-07T18:49:25","date_gmt":"2024-03-07T17:49:25","guid":{"rendered":"https:\/\/www.promotio.sk\/shop\/nezaraden\u00e9\/bismar\/"},"modified":"2024-03-07T18:50:09","modified_gmt":"2024-03-07T17:50:09","slug":"bismar","status":"publish","type":"product","link":"https:\/\/www.promotio.sk\/de\/shop\/promo-items\/bags_travel\/cooler_bags\/bismar\/","title":{"rendered":"BISMAR"},"content":{"rendered":"<p>K\u00fchltasche aus RPET-Polyester im Heather-Design. Isothermisches Futter und Vordertasche. Halten Sie Ihre Getr\u00e4nke und Lebensmittel k\u00fchl und tragen Sie sie \u00fcberallhin mit.<br \/>Zusammensetzung: RPET-Polyester.<br \/>Bemerkungen: Verstellbarer Tragegurt inklusive.<\/p>","protected":false},"excerpt":{"rendered":"<p>Cooler bag made of RPET polyester in a heather design. Isothermic lining and front pocket. Keep your drinks and food<\/p>","protected":false},"featured_media":14444,"comment_status":"open","ping_status":"closed","template":"","meta":[],"product_cat":[298,305],"product_tag":[],"class_list":{"0":"post-14443","1":"product","2":"type-product","3":"status-publish","4":"has-post-thumbnail","6":"product_cat-bags_travel","7":"product_cat-cooler_bags","9":"first","10":"instock","11":"shipping-taxable","12":"purchasable","13":"product-type-variable"},"_links":{"self":[{"href":"https:\/\/www.promotio.sk\/de\/wp-json\/wp\/v2\/product\/14443","targetHints":{"allow":["GET"]}}],"collection":[{"href":"https:\/\/www.promotio.sk\/de\/wp-json\/wp\/v2\/product"}],"about":[{"href":"https:\/\/www.promotio.sk\/de\/wp-json\/wp\/v2\/types\/product"}],"replies":[{"embeddable":true,"href":"https:\/\/www.promotio.sk\/de\/wp-json\/wp\/v2\/comments?post=14443"}],"wp:featuredmedia":[{"embeddable":true,"href":"https:\/\/www.promotio.sk\/de\/wp-json\/wp\/v2\/media\/14444"}],"wp:attachment":[{"href":"https:\/\/www.promotio.sk\/de\/wp-json\/wp\/v2\/media?parent=14443"}],"wp:term":[{"taxonomy":"product_cat","embeddable":true,"href":"https:\/\/www.promotio.sk\/de\/wp-json\/wp\/v2\/product_cat?post=14443"},{"taxonomy":"product_tag","embeddable":true,"href":"https:\/\/www.promotio.sk\/de\/wp-json\/wp\/v2\/product_tag?post=14443"}],"curies":[{"name":"wp","href":"https:\/\/api.w.org\/{rel}","templated":true}]}}