{"id":14280,"date":"2024-03-07T18:34:49","date_gmt":"2024-03-07T17:34:49","guid":{"rendered":"https:\/\/www.promotio.sk\/shop\/nezaraden\u00e9\/kulga\/"},"modified":"2024-03-07T20:39:12","modified_gmt":"2024-03-07T19:39:12","slug":"kulga","status":"publish","type":"product","link":"https:\/\/www.promotio.sk\/de\/shop\/promo-items\/bags_travel\/cooler_bags\/kulga\/","title":{"rendered":"KULGA"},"content":{"rendered":"<p>K\u00fchltasche aus RPET-Polyester in meliertem Design. Zwei unabh\u00e4ngige F\u00e4cher mit Rei\u00dfverschluss und isothermischem Futter. Tragegriffe und Boden aus PU-Leder.<br \/>Zusammensetzung: RPET<br \/>Bemerkungen: Fassungsverm\u00f6gen: 6 L<\/p>","protected":false},"excerpt":{"rendered":"<p>Cooler bag in heather design RPET polyester. Double independent compartments with zip fastening and isothermal lining. Carry handles and PU<\/p>","protected":false},"featured_media":14281,"comment_status":"open","ping_status":"closed","template":"","meta":[],"product_cat":[298,305],"product_tag":[],"class_list":{"0":"post-14280","1":"product","2":"type-product","3":"status-publish","4":"has-post-thumbnail","6":"product_cat-bags_travel","7":"product_cat-cooler_bags","9":"first","10":"instock","11":"shipping-taxable","12":"purchasable","13":"product-type-variable"},"_links":{"self":[{"href":"https:\/\/www.promotio.sk\/de\/wp-json\/wp\/v2\/product\/14280","targetHints":{"allow":["GET"]}}],"collection":[{"href":"https:\/\/www.promotio.sk\/de\/wp-json\/wp\/v2\/product"}],"about":[{"href":"https:\/\/www.promotio.sk\/de\/wp-json\/wp\/v2\/types\/product"}],"replies":[{"embeddable":true,"href":"https:\/\/www.promotio.sk\/de\/wp-json\/wp\/v2\/comments?post=14280"}],"wp:featuredmedia":[{"embeddable":true,"href":"https:\/\/www.promotio.sk\/de\/wp-json\/wp\/v2\/media\/14281"}],"wp:attachment":[{"href":"https:\/\/www.promotio.sk\/de\/wp-json\/wp\/v2\/media?parent=14280"}],"wp:term":[{"taxonomy":"product_cat","embeddable":true,"href":"https:\/\/www.promotio.sk\/de\/wp-json\/wp\/v2\/product_cat?post=14280"},{"taxonomy":"product_tag","embeddable":true,"href":"https:\/\/www.promotio.sk\/de\/wp-json\/wp\/v2\/product_tag?post=14280"}],"curies":[{"name":"wp","href":"https:\/\/api.w.org\/{rel}","templated":true}]}}