{"id":13979,"date":"2024-03-07T18:07:39","date_gmt":"2024-03-07T17:07:39","guid":{"rendered":"https:\/\/www.promotio.sk\/shop\/nezaraden\u00e9\/tibar\/"},"modified":"2024-03-07T18:08:26","modified_gmt":"2024-03-07T17:08:26","slug":"tibar","status":"publish","type":"product","link":"https:\/\/www.promotio.sk\/de\/shop\/promo-items\/bags_travel\/travel_accessories\/tibar\/","title":{"rendered":"TIBAR"},"content":{"rendered":"<p>Die Mehrzwecktasche aus PU-Leder mit gl\u00e4nzendem Finish ist das perfekte Accessoire, um Ihre K\u00f6rperpflegeprodukte zu organisieren und \u00fcberallhin mitzunehmen. Die PU-Au\u00dfenseite mit gl\u00e4nzendem Finish verleiht ihr ein elegantes und anspruchsvolles Aussehen und verleiht Ihrem Alltag einen Hauch von Stil.<br \/>\nMit dem passenden Rei\u00dfverschluss und dem Schieber k\u00f6nnen Sie leicht auf den Inhalt der Tasche zugreifen und Ihre Gegenst\u00e4nde sicher aufbewahren. Der Rei\u00dfverschluss garantiert einen sicheren Verschluss und verhindert so versehentliche Verluste.<br \/>\nDieser Mehrzweck-Kulturbeutel ist vielseitig einsetzbar. Sie k\u00f6nnen ihn zum Aufbewahren und Transportieren Ihrer K\u00f6rperpflegeprodukte wie Make-up, Hygieneprodukte oder Reisezubeh\u00f6r verwenden. Er ist auch ideal zum Transportieren kleiner Gegenst\u00e4nde wie Kabel, Ladeger\u00e4te oder Schl\u00fcssel, damit Sie diese organisiert und griffbereit aufbewahren k\u00f6nnen.<br \/>\nDas bei der Herstellung verwendete PU-Material ist langlebig und wasserabweisend und bietet Ihren Sachen zus\u00e4tzlichen Schutz bei versch\u00fctteten Fl\u00fcssigkeiten oder widrigen Witterungsbedingungen.<br \/>\nOb f\u00fcr den t\u00e4glichen Gebrauch, auf Reisen oder als Geschenk, diese Mehrzwecktasche aus PU mit gl\u00e4nzender Oberfl\u00e4che ist eine praktische und elegante Wahl. Bewahren Sie Ihre wichtigen Dinge organisiert auf und tragen Sie alles, was Sie brauchen, mit Stil bei sich.<br \/>Zusammensetzung: PU-Leder<\/p>","protected":false},"excerpt":{"rendered":"<p>The PU Leather multipurpose bag in a shiny finish is the perfect accessory to organise your personal care products and<\/p>","protected":false},"featured_media":13980,"comment_status":"open","ping_status":"closed","template":"","meta":[],"product_cat":[298,303],"product_tag":[],"class_list":{"0":"post-13979","1":"product","2":"type-product","3":"status-publish","4":"has-post-thumbnail","6":"product_cat-bags_travel","7":"product_cat-travel_accessories","9":"first","10":"instock","11":"shipping-taxable","12":"purchasable","13":"product-type-variable"},"_links":{"self":[{"href":"https:\/\/www.promotio.sk\/de\/wp-json\/wp\/v2\/product\/13979","targetHints":{"allow":["GET"]}}],"collection":[{"href":"https:\/\/www.promotio.sk\/de\/wp-json\/wp\/v2\/product"}],"about":[{"href":"https:\/\/www.promotio.sk\/de\/wp-json\/wp\/v2\/types\/product"}],"replies":[{"embeddable":true,"href":"https:\/\/www.promotio.sk\/de\/wp-json\/wp\/v2\/comments?post=13979"}],"wp:featuredmedia":[{"embeddable":true,"href":"https:\/\/www.promotio.sk\/de\/wp-json\/wp\/v2\/media\/13980"}],"wp:attachment":[{"href":"https:\/\/www.promotio.sk\/de\/wp-json\/wp\/v2\/media?parent=13979"}],"wp:term":[{"taxonomy":"product_cat","embeddable":true,"href":"https:\/\/www.promotio.sk\/de\/wp-json\/wp\/v2\/product_cat?post=13979"},{"taxonomy":"product_tag","embeddable":true,"href":"https:\/\/www.promotio.sk\/de\/wp-json\/wp\/v2\/product_tag?post=13979"}],"curies":[{"name":"wp","href":"https:\/\/api.w.org\/{rel}","templated":true}]}}