{"id":13968,"date":"2024-03-07T18:06:38","date_gmt":"2024-03-07T17:06:38","guid":{"rendered":"https:\/\/www.promotio.sk\/shop\/nezaraden\u00e9\/yuri\/"},"modified":"2024-03-07T18:07:36","modified_gmt":"2024-03-07T17:07:36","slug":"yuri","status":"publish","type":"product","link":"https:\/\/www.promotio.sk\/de\/shop\/promo-items\/bags_travel\/bags_travel_backpack\/yuri\/","title":{"rendered":"JURI"},"content":{"rendered":"<p>Der Mehrzweck-Kulturbeutel aus recyceltem RPET 300D-Polyester mit kr\u00e4ftigem Design ist die perfekte L\u00f6sung, um Ihre pers\u00f6nlichen Gegenst\u00e4nde organisiert und zug\u00e4nglich aufzubewahren.<br \/>\nDieser Kulturbeutel aus recyceltem RPET 300D-Polyester ist eine verantwortungsvolle Option, die zur Abfallreduzierung und zum Schutz der Umwelt beitr\u00e4gt. Sein kr\u00e4ftiges Design verleiht ihm eine moderne und attraktive Note.<br \/>\nDas Innere der Kulturtasche verf\u00fcgt \u00fcber drei ger\u00e4umige F\u00e4cher, die speziell f\u00fcr die Aufbewahrung und Organisation Ihrer pers\u00f6nlichen Gegenst\u00e4nde wie Kosmetika, B\u00fcrsten, K\u00e4mme, Cremes und vieles mehr konzipiert sind. Jedes Fach hat die perfekte Gr\u00f6\u00dfe, um Ihre Gegenst\u00e4nde sicher unterzubringen.<\/p>\n<p>Ob auf Reisen, zum Mitnehmen in der Tasche oder zum Aufbewahren zu Hause, diese Mehrzwecktasche bietet Ihnen die Funktionalit\u00e4t und Organisation, die Sie brauchen. Entscheiden Sie sich f\u00fcr eine nachhaltige und funktionale Option mit der Mehrzweck-Kulturtasche aus recyceltem RPET 300D-Polyester mit einem lebendigen Design.<br \/>Zusammensetzung: RPET<\/p>","protected":false},"excerpt":{"rendered":"<p>The multi-purpose toiletry bag made of RPET 300D recycled polyester with a vigore design is the perfect solution to keep<\/p>","protected":false},"featured_media":13969,"comment_status":"open","ping_status":"closed","template":"","meta":[],"product_cat":[299,298],"product_tag":[],"class_list":{"0":"post-13968","1":"product","2":"type-product","3":"status-publish","4":"has-post-thumbnail","6":"product_cat-bags_travel_backpack","7":"product_cat-bags_travel","9":"first","10":"instock","11":"shipping-taxable","12":"purchasable","13":"product-type-variable"},"_links":{"self":[{"href":"https:\/\/www.promotio.sk\/de\/wp-json\/wp\/v2\/product\/13968","targetHints":{"allow":["GET"]}}],"collection":[{"href":"https:\/\/www.promotio.sk\/de\/wp-json\/wp\/v2\/product"}],"about":[{"href":"https:\/\/www.promotio.sk\/de\/wp-json\/wp\/v2\/types\/product"}],"replies":[{"embeddable":true,"href":"https:\/\/www.promotio.sk\/de\/wp-json\/wp\/v2\/comments?post=13968"}],"wp:featuredmedia":[{"embeddable":true,"href":"https:\/\/www.promotio.sk\/de\/wp-json\/wp\/v2\/media\/13969"}],"wp:attachment":[{"href":"https:\/\/www.promotio.sk\/de\/wp-json\/wp\/v2\/media?parent=13968"}],"wp:term":[{"taxonomy":"product_cat","embeddable":true,"href":"https:\/\/www.promotio.sk\/de\/wp-json\/wp\/v2\/product_cat?post=13968"},{"taxonomy":"product_tag","embeddable":true,"href":"https:\/\/www.promotio.sk\/de\/wp-json\/wp\/v2\/product_tag?post=13968"}],"curies":[{"name":"wp","href":"https:\/\/api.w.org\/{rel}","templated":true}]}}