{"id":13959,"date":"2024-03-07T18:05:46","date_gmt":"2024-03-07T17:05:46","guid":{"rendered":"https:\/\/www.promotio.sk\/shop\/nezaraden\u00e9\/avira\/"},"modified":"2024-03-07T18:06:33","modified_gmt":"2024-03-07T17:06:33","slug":"avira","status":"publish","type":"product","link":"https:\/\/www.promotio.sk\/de\/shop\/promo-items\/bags_travel\/travel_accessories\/avira\/","title":{"rendered":"AVIRA"},"content":{"rendered":"<p>Der Kulturbeutel aus recyceltem Filz mit lebendigem Design ist das perfekte Accessoire, um Ihre pers\u00f6nlichen Produkte nachhaltig und stilvoll zu organisieren. Dieser aus recyceltem Filz hergestellte Kulturbeutel tr\u00e4gt dazu bei, Abfall zu reduzieren und die Umwelt zu schonen.<\/p>\n<p>Das kraftvolle Design verleiht der Kulturtasche ein modernes und attraktives Aussehen und macht sie sowohl funktional als auch elegant. Mit dem passenden Verschluss und Griff k\u00f6nnen Sie die Tasche leicht \u00f6ffnen und schlie\u00dfen und Ihre Produkte sicher und organisiert aufbewahren.<br \/>\nIm Inneren bietet die Kulturtasche reichlich Platz f\u00fcr Ihre K\u00f6rperpflegeprodukte, Ihr Make-up, Ihre Toilettenartikel oder andere Gegenst\u00e4nde, die Sie mitnehmen m\u00f6chten. Der in dieser Tasche verwendete recycelte Filz ist langlebig und widerstandsf\u00e4hig und sch\u00fctzt Ihre Produkte vor m\u00f6glichen Sch\u00e4den.<\/p>\n<p>Sie ist nicht nur umweltfreundlich, sondern auch stilvoll. Sie k\u00f6nnen sie in Ihrer Reisetasche oder Ihrem Koffer mitnehmen oder einfach als separate Kulturtasche verwenden. W\u00e4hlen Sie eine nachhaltige und stilvolle Kulturtasche, um Ihre Sachen mit der Kulturtasche aus recyceltem Filz mit einem lebhaften Design zu organisieren. Sie vereint Funktionalit\u00e4t, Mode und Umweltschutz in einem einzigen Accessoire.<br \/>Zusammensetzung: Recycelter Filz<\/p>","protected":false},"excerpt":{"rendered":"<p>The toiletry bag made of recycled felt with a vigore design is the perfect accessory to organise your personal products<\/p>","protected":false},"featured_media":13960,"comment_status":"open","ping_status":"closed","template":"","meta":[],"product_cat":[298,303],"product_tag":[],"class_list":{"0":"post-13959","1":"product","2":"type-product","3":"status-publish","4":"has-post-thumbnail","6":"product_cat-bags_travel","7":"product_cat-travel_accessories","9":"first","10":"instock","11":"shipping-taxable","12":"purchasable","13":"product-type-variable"},"_links":{"self":[{"href":"https:\/\/www.promotio.sk\/de\/wp-json\/wp\/v2\/product\/13959","targetHints":{"allow":["GET"]}}],"collection":[{"href":"https:\/\/www.promotio.sk\/de\/wp-json\/wp\/v2\/product"}],"about":[{"href":"https:\/\/www.promotio.sk\/de\/wp-json\/wp\/v2\/types\/product"}],"replies":[{"embeddable":true,"href":"https:\/\/www.promotio.sk\/de\/wp-json\/wp\/v2\/comments?post=13959"}],"wp:featuredmedia":[{"embeddable":true,"href":"https:\/\/www.promotio.sk\/de\/wp-json\/wp\/v2\/media\/13960"}],"wp:attachment":[{"href":"https:\/\/www.promotio.sk\/de\/wp-json\/wp\/v2\/media?parent=13959"}],"wp:term":[{"taxonomy":"product_cat","embeddable":true,"href":"https:\/\/www.promotio.sk\/de\/wp-json\/wp\/v2\/product_cat?post=13959"},{"taxonomy":"product_tag","embeddable":true,"href":"https:\/\/www.promotio.sk\/de\/wp-json\/wp\/v2\/product_tag?post=13959"}],"curies":[{"name":"wp","href":"https:\/\/api.w.org\/{rel}","templated":true}]}}