{"id":13924,"date":"2024-03-07T18:02:35","date_gmt":"2024-03-07T17:02:35","guid":{"rendered":"https:\/\/www.promotio.sk\/shop\/nezaraden\u00e9\/otawa\/"},"modified":"2024-03-07T18:04:07","modified_gmt":"2024-03-07T17:04:07","slug":"otawa","status":"publish","type":"product","link":"https:\/\/www.promotio.sk\/de\/shop\/promo-items\/bags_travel\/bags_travel_backpack\/otawa\/","title":{"rendered":"OTAWA"},"content":{"rendered":"<p>Sportrucksack aus hochfestem 210D Ripstop-Nylon. 30 Liter Fassungsverm\u00f6gen. Doppeltes Hauptfach mit Rei\u00dfverschluss und Innentaschen. Vorderes Fach mit elastischem Bungee-Cord und seitliche Netztaschen. Gepolsterter R\u00fccken und Schultergurte. Verstellbarer Seitengurt inklusive.<br \/>Zusammensetzung: Nylon 210D<br \/>Bemerkungen: Kapazit\u00e4t 30L<\/p>","protected":false},"excerpt":{"rendered":"<p>Sports backpack in high-resistance 210D ripstop nylon. 30 litres capacity. Double main compartment with zip fastening and interior pockets. Front<\/p>","protected":false},"featured_media":13925,"comment_status":"open","ping_status":"closed","template":"","meta":[],"product_cat":[299,298],"product_tag":[],"class_list":{"0":"post-13924","1":"product","2":"type-product","3":"status-publish","4":"has-post-thumbnail","6":"product_cat-bags_travel_backpack","7":"product_cat-bags_travel","9":"first","10":"instock","11":"shipping-taxable","12":"purchasable","13":"product-type-variable"},"_links":{"self":[{"href":"https:\/\/www.promotio.sk\/de\/wp-json\/wp\/v2\/product\/13924","targetHints":{"allow":["GET"]}}],"collection":[{"href":"https:\/\/www.promotio.sk\/de\/wp-json\/wp\/v2\/product"}],"about":[{"href":"https:\/\/www.promotio.sk\/de\/wp-json\/wp\/v2\/types\/product"}],"replies":[{"embeddable":true,"href":"https:\/\/www.promotio.sk\/de\/wp-json\/wp\/v2\/comments?post=13924"}],"wp:featuredmedia":[{"embeddable":true,"href":"https:\/\/www.promotio.sk\/de\/wp-json\/wp\/v2\/media\/13925"}],"wp:attachment":[{"href":"https:\/\/www.promotio.sk\/de\/wp-json\/wp\/v2\/media?parent=13924"}],"wp:term":[{"taxonomy":"product_cat","embeddable":true,"href":"https:\/\/www.promotio.sk\/de\/wp-json\/wp\/v2\/product_cat?post=13924"},{"taxonomy":"product_tag","embeddable":true,"href":"https:\/\/www.promotio.sk\/de\/wp-json\/wp\/v2\/product_tag?post=13924"}],"curies":[{"name":"wp","href":"https:\/\/api.w.org\/{rel}","templated":true}]}}