{"id":13871,"date":"2024-03-07T17:57:39","date_gmt":"2024-03-07T16:57:39","guid":{"rendered":"https:\/\/www.promotio.sk\/shop\/nezaraden\u00e9\/garnes\/"},"modified":"2024-03-07T17:58:42","modified_gmt":"2024-03-07T16:58:42","slug":"garnes","status":"publish","type":"product","link":"https:\/\/www.promotio.sk\/de\/shop\/promo-items\/bags_travel\/bags_travel_backpack\/garnes\/","title":{"rendered":"GARNES"},"content":{"rendered":"<p>Trolley-Rucksack aus 300D Heather Polyester. Ger\u00e4umiges Hauptfach mit gepolstertem Innenfach, ideal f\u00fcr Laptops bis 17 Zoll. Zwei Taschen mit Innenf\u00e4chern und eine Vordertasche. Hochwertiger und widerstandsf\u00e4higer Rahmen. Verstellbare, gepolsterte Schultergurte. Schmutzabweisende Radabdeckungen. Als Handgep\u00e4ck zugelassen.<br \/>Zusammensetzung: 300D meliertes Polyester.<\/p>","protected":false},"excerpt":{"rendered":"<p>Wheel trolley backpack made of 300D heather polyester. Main roomy pocket with inner padded compartment, ideal for laptops up to<\/p>","protected":false},"featured_media":13872,"comment_status":"open","ping_status":"closed","template":"","meta":[],"product_cat":[299,298,303],"product_tag":[],"class_list":{"0":"post-13871","1":"product","2":"type-product","3":"status-publish","4":"has-post-thumbnail","6":"product_cat-bags_travel_backpack","7":"product_cat-bags_travel","8":"product_cat-travel_accessories","10":"first","11":"instock","12":"shipping-taxable","13":"purchasable","14":"product-type-variable"},"_links":{"self":[{"href":"https:\/\/www.promotio.sk\/de\/wp-json\/wp\/v2\/product\/13871","targetHints":{"allow":["GET"]}}],"collection":[{"href":"https:\/\/www.promotio.sk\/de\/wp-json\/wp\/v2\/product"}],"about":[{"href":"https:\/\/www.promotio.sk\/de\/wp-json\/wp\/v2\/types\/product"}],"replies":[{"embeddable":true,"href":"https:\/\/www.promotio.sk\/de\/wp-json\/wp\/v2\/comments?post=13871"}],"wp:featuredmedia":[{"embeddable":true,"href":"https:\/\/www.promotio.sk\/de\/wp-json\/wp\/v2\/media\/13872"}],"wp:attachment":[{"href":"https:\/\/www.promotio.sk\/de\/wp-json\/wp\/v2\/media?parent=13871"}],"wp:term":[{"taxonomy":"product_cat","embeddable":true,"href":"https:\/\/www.promotio.sk\/de\/wp-json\/wp\/v2\/product_cat?post=13871"},{"taxonomy":"product_tag","embeddable":true,"href":"https:\/\/www.promotio.sk\/de\/wp-json\/wp\/v2\/product_tag?post=13871"}],"curies":[{"name":"wp","href":"https:\/\/api.w.org\/{rel}","templated":true}]}}