{"id":13804,"date":"2024-03-07T17:51:42","date_gmt":"2024-03-07T16:51:42","guid":{"rendered":"https:\/\/www.promotio.sk\/shop\/nezaraden\u00e9\/mardok\/"},"modified":"2024-03-07T17:52:47","modified_gmt":"2024-03-07T16:52:47","slug":"mardok","status":"publish","type":"product","link":"https:\/\/www.promotio.sk\/de\/shop\/promo-items\/bags_travel\/bags_travel_backpack\/mardok\/","title":{"rendered":"MARDOK"},"content":{"rendered":"<p>600D Nylon-Rucksack mit bequem gepolstertem R\u00fccken und Schultergurten. Gepolstertes Innenfach f\u00fcr Laptops. Perfekter Rucksack f\u00fcr den t\u00e4glichen B\u00fcrogebrauch oder auf Reisen.<br \/>Zusammensetzung: 600D Nylon.<br \/>Bemerkungen: Fassungsverm\u00f6gen: 30 L<\/p>","protected":false},"excerpt":{"rendered":"<p>600D nylon backpack with comfortable padded back and shoulder straps. Padded interior compartment for laptops. Perfect backpack for everyday office<\/p>","protected":false},"featured_media":13805,"comment_status":"open","ping_status":"closed","template":"","meta":[],"product_cat":[299,298],"product_tag":[],"class_list":{"0":"post-13804","1":"product","2":"type-product","3":"status-publish","4":"has-post-thumbnail","6":"product_cat-bags_travel_backpack","7":"product_cat-bags_travel","9":"first","10":"instock","11":"shipping-taxable","12":"purchasable","13":"product-type-variable"},"_links":{"self":[{"href":"https:\/\/www.promotio.sk\/de\/wp-json\/wp\/v2\/product\/13804","targetHints":{"allow":["GET"]}}],"collection":[{"href":"https:\/\/www.promotio.sk\/de\/wp-json\/wp\/v2\/product"}],"about":[{"href":"https:\/\/www.promotio.sk\/de\/wp-json\/wp\/v2\/types\/product"}],"replies":[{"embeddable":true,"href":"https:\/\/www.promotio.sk\/de\/wp-json\/wp\/v2\/comments?post=13804"}],"wp:featuredmedia":[{"embeddable":true,"href":"https:\/\/www.promotio.sk\/de\/wp-json\/wp\/v2\/media\/13805"}],"wp:attachment":[{"href":"https:\/\/www.promotio.sk\/de\/wp-json\/wp\/v2\/media?parent=13804"}],"wp:term":[{"taxonomy":"product_cat","embeddable":true,"href":"https:\/\/www.promotio.sk\/de\/wp-json\/wp\/v2\/product_cat?post=13804"},{"taxonomy":"product_tag","embeddable":true,"href":"https:\/\/www.promotio.sk\/de\/wp-json\/wp\/v2\/product_tag?post=13804"}],"curies":[{"name":"wp","href":"https:\/\/api.w.org\/{rel}","templated":true}]}}