{"id":13779,"date":"2024-03-07T17:49:22","date_gmt":"2024-03-07T16:49:22","guid":{"rendered":"https:\/\/www.promotio.sk\/shop\/nezaraden\u00e9\/duke\/"},"modified":"2024-03-07T17:50:40","modified_gmt":"2024-03-07T16:50:40","slug":"duke","status":"publish","type":"product","link":"https:\/\/www.promotio.sk\/de\/shop\/promo-items\/bags_travel\/bags_travel_backpack\/duke\/","title":{"rendered":"HERZOG"},"content":{"rendered":"<p>Rucksack aus Nylon. Gepolsterte Innentasche f\u00fcr Laptops. Gepolsterter R\u00fccken und Schultergurte. Fach mit USB-Anschluss zum Anschluss von Powerbanks (nicht im Lieferumfang enthalten). Micro-USB-Kabel im Lieferumfang enthalten. Dank seiner Eigenschaften und Gr\u00f6\u00dfe ist dieser Rucksack perfekt f\u00fcr den t\u00e4glichen Gebrauch, das B\u00fcro oder Reisen geeignet.<br \/>Zusammensetzung: Nylon<br \/>Bemerkungen: Fassungsverm\u00f6gen: 24 L<\/p>","protected":false},"excerpt":{"rendered":"<p>Nylon backpack. Padded interior pocket for laptops. Padded back and shoulder straps. Compartment with USB port to connect power banks<\/p>","protected":false},"featured_media":13780,"comment_status":"open","ping_status":"closed","template":"","meta":[],"product_cat":[299,298],"product_tag":[],"class_list":{"0":"post-13779","1":"product","2":"type-product","3":"status-publish","4":"has-post-thumbnail","6":"product_cat-bags_travel_backpack","7":"product_cat-bags_travel","9":"first","10":"instock","11":"shipping-taxable","12":"purchasable","13":"product-type-variable"},"_links":{"self":[{"href":"https:\/\/www.promotio.sk\/de\/wp-json\/wp\/v2\/product\/13779","targetHints":{"allow":["GET"]}}],"collection":[{"href":"https:\/\/www.promotio.sk\/de\/wp-json\/wp\/v2\/product"}],"about":[{"href":"https:\/\/www.promotio.sk\/de\/wp-json\/wp\/v2\/types\/product"}],"replies":[{"embeddable":true,"href":"https:\/\/www.promotio.sk\/de\/wp-json\/wp\/v2\/comments?post=13779"}],"wp:featuredmedia":[{"embeddable":true,"href":"https:\/\/www.promotio.sk\/de\/wp-json\/wp\/v2\/media\/13780"}],"wp:attachment":[{"href":"https:\/\/www.promotio.sk\/de\/wp-json\/wp\/v2\/media?parent=13779"}],"wp:term":[{"taxonomy":"product_cat","embeddable":true,"href":"https:\/\/www.promotio.sk\/de\/wp-json\/wp\/v2\/product_cat?post=13779"},{"taxonomy":"product_tag","embeddable":true,"href":"https:\/\/www.promotio.sk\/de\/wp-json\/wp\/v2\/product_tag?post=13779"}],"curies":[{"name":"wp","href":"https:\/\/api.w.org\/{rel}","templated":true}]}}