{"id":13725,"date":"2024-03-07T17:44:29","date_gmt":"2024-03-07T16:44:29","guid":{"rendered":"https:\/\/www.promotio.sk\/shop\/nezaraden\u00e9\/malmo\/"},"modified":"2024-03-07T17:45:30","modified_gmt":"2024-03-07T16:45:30","slug":"malmo","status":"publish","type":"product","link":"https:\/\/www.promotio.sk\/de\/shop\/promo-items\/bags_travel\/bags_travel_backpack\/malmo\/","title":{"rendered":"MALM\u00d6"},"content":{"rendered":"<p>Rucksack aus 600D RPET-Recyclingpolyester mit meliertem Finish. Gepolsterter Korpus und Innentasche, ideal f\u00fcr Ihren Laptop. Doppeltes Fach mit wasserdichtem Rei\u00dfverschluss und Au\u00dfentasche. Gepolsterte Schultergurte und Trolleygurt.  <br \/>Zusammensetzung: RPET<br \/>Bemerkungen: Fachkapazit\u00e4t f\u00fcr einen 13\u2033 Laptop.<\/p>","protected":false},"excerpt":{"rendered":"<p>Backpack made from 600D RPET recycled polyester with heather finish. Padded body and interior pocket, ideal for your laptop. Double<\/p>","protected":false},"featured_media":13726,"comment_status":"open","ping_status":"closed","template":"","meta":[],"product_cat":[299,298],"product_tag":[],"class_list":{"0":"post-13725","1":"product","2":"type-product","3":"status-publish","4":"has-post-thumbnail","6":"product_cat-bags_travel_backpack","7":"product_cat-bags_travel","9":"first","10":"instock","11":"shipping-taxable","12":"purchasable","13":"product-type-variable"},"_links":{"self":[{"href":"https:\/\/www.promotio.sk\/de\/wp-json\/wp\/v2\/product\/13725","targetHints":{"allow":["GET"]}}],"collection":[{"href":"https:\/\/www.promotio.sk\/de\/wp-json\/wp\/v2\/product"}],"about":[{"href":"https:\/\/www.promotio.sk\/de\/wp-json\/wp\/v2\/types\/product"}],"replies":[{"embeddable":true,"href":"https:\/\/www.promotio.sk\/de\/wp-json\/wp\/v2\/comments?post=13725"}],"wp:featuredmedia":[{"embeddable":true,"href":"https:\/\/www.promotio.sk\/de\/wp-json\/wp\/v2\/media\/13726"}],"wp:attachment":[{"href":"https:\/\/www.promotio.sk\/de\/wp-json\/wp\/v2\/media?parent=13725"}],"wp:term":[{"taxonomy":"product_cat","embeddable":true,"href":"https:\/\/www.promotio.sk\/de\/wp-json\/wp\/v2\/product_cat?post=13725"},{"taxonomy":"product_tag","embeddable":true,"href":"https:\/\/www.promotio.sk\/de\/wp-json\/wp\/v2\/product_tag?post=13725"}],"curies":[{"name":"wp","href":"https:\/\/api.w.org\/{rel}","templated":true}]}}