{"id":13561,"date":"2024-03-07T17:29:47","date_gmt":"2024-03-07T16:29:47","guid":{"rendered":"https:\/\/www.promotio.sk\/shop\/nezaraden\u00e9\/dronte\/"},"modified":"2024-03-07T17:31:06","modified_gmt":"2024-03-07T16:31:06","slug":"dronte","status":"publish","type":"product","link":"https:\/\/www.promotio.sk\/de\/shop\/promo-items\/bags_travel\/bags_travel_backpack\/dronte\/","title":{"rendered":"DRONTE"},"content":{"rendered":"<p>Rucksack aus RPET-Polyester. Ger\u00e4umiges Hauptfach mit erweiterbarer \u00d6ffnung. Au\u00dfentasche mit Rei\u00dfverschluss und zwei Seitentaschen. Gepolsterte Schultergurte und R\u00fcckenpartie.<br \/>Zusammensetzung: RPET<br \/>Bemerkungen: Fassungsverm\u00f6gen: 20 L<\/p>","protected":false},"excerpt":{"rendered":"<p>Backpack in RPET polyester. Main roomy compartment with extendable opening. Exterior zip pocket and two side pockets. Padded shoulder straps<\/p>","protected":false},"featured_media":13562,"comment_status":"open","ping_status":"closed","template":"","meta":[],"product_cat":[299,298],"product_tag":[],"class_list":{"0":"post-13561","1":"product","2":"type-product","3":"status-publish","4":"has-post-thumbnail","6":"product_cat-bags_travel_backpack","7":"product_cat-bags_travel","9":"first","10":"instock","11":"shipping-taxable","12":"purchasable","13":"product-type-variable"},"_links":{"self":[{"href":"https:\/\/www.promotio.sk\/de\/wp-json\/wp\/v2\/product\/13561","targetHints":{"allow":["GET"]}}],"collection":[{"href":"https:\/\/www.promotio.sk\/de\/wp-json\/wp\/v2\/product"}],"about":[{"href":"https:\/\/www.promotio.sk\/de\/wp-json\/wp\/v2\/types\/product"}],"replies":[{"embeddable":true,"href":"https:\/\/www.promotio.sk\/de\/wp-json\/wp\/v2\/comments?post=13561"}],"wp:featuredmedia":[{"embeddable":true,"href":"https:\/\/www.promotio.sk\/de\/wp-json\/wp\/v2\/media\/13562"}],"wp:attachment":[{"href":"https:\/\/www.promotio.sk\/de\/wp-json\/wp\/v2\/media?parent=13561"}],"wp:term":[{"taxonomy":"product_cat","embeddable":true,"href":"https:\/\/www.promotio.sk\/de\/wp-json\/wp\/v2\/product_cat?post=13561"},{"taxonomy":"product_tag","embeddable":true,"href":"https:\/\/www.promotio.sk\/de\/wp-json\/wp\/v2\/product_tag?post=13561"}],"curies":[{"name":"wp","href":"https:\/\/api.w.org\/{rel}","templated":true}]}}