{"id":13552,"date":"2024-03-07T17:28:57","date_gmt":"2024-03-07T16:28:57","guid":{"rendered":"https:\/\/www.promotio.sk\/shop\/nezaraden\u00e9\/dixon\/"},"modified":"2024-03-07T17:29:45","modified_gmt":"2024-03-07T16:29:45","slug":"dixon","status":"publish","type":"product","link":"https:\/\/www.promotio.sk\/de\/shop\/promo-items\/bags_travel\/bags_travel_backpack\/dixon\/","title":{"rendered":"DIXON"},"content":{"rendered":"<p>Der Executive-Rucksack aus PU-Leder ist das perfekte Accessoire f\u00fcr Berufst\u00e4tige, die viel unterwegs sind. Sein elegantes und funktionales Design vereint Stil und Praktikabilit\u00e4t und erf\u00fcllt somit alle Ihre Bed\u00fcrfnisse.<br \/>\nDer Rucksack mit gepolstertem Korpus und Innentasche bietet optimalen Schutz f\u00fcr Ihren 13-Zoll-Laptop oder Ihr Tablet und bewahrt diese Ger\u00e4te unterwegs sicher und kratzfrei auf. Zus\u00e4tzlich verf\u00fcgt er \u00fcber eine Au\u00dfentasche mit wasserdichtem Rei\u00dfverschluss und reflektierendem Streifen, die f\u00fcr zus\u00e4tzliche Sicherheit und Schutz vor Regen sorgt.<br \/>\nMit seinem doppelten Hauptfach und den Seitentaschen bietet dieser Rucksack optimale Organisation f\u00fcr Dokumente, elektronische Ger\u00e4te, Trinkflaschen und andere unverzichtbare Accessoires. Gepolsterte Griffe und ein gepolsterter R\u00fccken sorgen f\u00fcr ganzt\u00e4gigen Tragekomfort, selbst bei schwerer Beladung.<br \/>\nDar\u00fcber hinaus verf\u00fcgt der PU-Business-Rucksack \u00fcber einen Trolleygurt, sodass er sich unterwegs in Kombination mit einem Rollkoffer leicht tragen l\u00e4sst.<br \/>\nOb auf dem Weg zur Arbeit, zu Gesch\u00e4ftstreffen oder auf Gesch\u00e4ftsreisen \u2013 dieser Executive-Rucksack aus PU-Leder vereint Stil und Funktionalit\u00e4t in jeder Situation. Mit diesem Rucksack, der speziell f\u00fcr anspruchsvolle Berufst\u00e4tige entwickelt wurde, sind Ihre Wertsachen sicher, ordentlich und gesch\u00fctzt verstaut.<br \/>Zusammensetzung: PU-Leder<\/p>","protected":false},"excerpt":{"rendered":"<p>The PU Leather Executive Backpack is the perfect accessory for professionals on the go. Its elegant and functional design provides<\/p>","protected":false},"featured_media":13553,"comment_status":"open","ping_status":"closed","template":"","meta":[],"product_cat":[299,298],"product_tag":[],"class_list":{"0":"post-13552","1":"product","2":"type-product","3":"status-publish","4":"has-post-thumbnail","6":"product_cat-bags_travel_backpack","7":"product_cat-bags_travel","9":"first","10":"instock","11":"shipping-taxable","12":"purchasable","13":"product-type-variable"},"_links":{"self":[{"href":"https:\/\/www.promotio.sk\/de\/wp-json\/wp\/v2\/product\/13552","targetHints":{"allow":["GET"]}}],"collection":[{"href":"https:\/\/www.promotio.sk\/de\/wp-json\/wp\/v2\/product"}],"about":[{"href":"https:\/\/www.promotio.sk\/de\/wp-json\/wp\/v2\/types\/product"}],"replies":[{"embeddable":true,"href":"https:\/\/www.promotio.sk\/de\/wp-json\/wp\/v2\/comments?post=13552"}],"wp:featuredmedia":[{"embeddable":true,"href":"https:\/\/www.promotio.sk\/de\/wp-json\/wp\/v2\/media\/13553"}],"wp:attachment":[{"href":"https:\/\/www.promotio.sk\/de\/wp-json\/wp\/v2\/media?parent=13552"}],"wp:term":[{"taxonomy":"product_cat","embeddable":true,"href":"https:\/\/www.promotio.sk\/de\/wp-json\/wp\/v2\/product_cat?post=13552"},{"taxonomy":"product_tag","embeddable":true,"href":"https:\/\/www.promotio.sk\/de\/wp-json\/wp\/v2\/product_tag?post=13552"}],"curies":[{"name":"wp","href":"https:\/\/api.w.org\/{rel}","templated":true}]}}