{"id":13542,"date":"2024-03-07T17:28:04","date_gmt":"2024-03-07T16:28:04","guid":{"rendered":"https:\/\/www.promotio.sk\/shop\/nezaraden\u00e9\/patrik\/"},"modified":"2024-03-07T17:28:55","modified_gmt":"2024-03-07T16:28:55","slug":"patrik","status":"publish","type":"product","link":"https:\/\/www.promotio.sk\/de\/shop\/promo-items\/bags_travel\/bags_travel_backpack\/patrik\/","title":{"rendered":"PATRIK"},"content":{"rendered":"<p>Der RPET 300D Executive-Rucksack aus recyceltem Polyester mit seinem dynamischen Design ist die perfekte Wahl f\u00fcr Berufst\u00e4tige, die Wert auf Stil, Funktionalit\u00e4t und Nachhaltigkeit legen. Hergestellt aus recycelten Materialien, ist dieser Rucksack eine umweltbewusste Entscheidung.<br \/>\nDer Korpus und das Hauptinnenfach sind gepolstert und bieten so optimalen Schutz f\u00fcr Ihren 13-Zoll-Laptop oder Ihr Tablet. So bleiben Ihre Ger\u00e4te unterwegs sicher und sto\u00dffrei. Zus\u00e4tzlich verf\u00fcgt die Tasche \u00fcber drei Hauptf\u00e4cher und Seitentaschen, damit Sie Ihre Sachen ordentlich verstauen und griffbereit haben.<br \/>\nGepolsterte Griffe und R\u00fcckenpartie sorgen f\u00fcr ganzt\u00e4gigen Tragekomfort, auch beim Tragen schwerer Lasten.<br \/>\n Der Trolleygurt erm\u00f6glicht es Ihnen, den Rucksack an Ihrem Rollkoffer zu befestigen, was das Reisen in Flugh\u00e4fen und Bahnh\u00f6fen erleichtert.<br \/>\nDieser Rucksack ist nicht nur funktional und nachhaltig, sondern besticht auch durch sein dynamisches Design, das ihm einen modernen und attraktiven Look verleiht. Ob auf dem Weg zur Arbeit, auf Reisen oder bei Gesch\u00e4ftstreffen \u2013 mit diesem Rucksack genie\u00dfen Sie Stil, Komfort und das gute Gef\u00fchl, eine umweltbewusste Wahl getroffen zu haben.<br \/>\nEntscheiden Sie sich f\u00fcr den RPET 300D Business-Rucksack aus recyceltem Polyester mit dynamischem Design und tragen Sie Ihre Sachen stilvoll, w\u00e4hrend Sie gleichzeitig zum Schutz unseres Planeten beitragen.<br \/>Zusammensetzung: RPET<\/p>","protected":false},"excerpt":{"rendered":"<p>The RPET 300D executive backpack in recycled polyester with a vigore design is the perfect choice for professionals looking to<\/p>","protected":false},"featured_media":13543,"comment_status":"open","ping_status":"closed","template":"","meta":[],"product_cat":[299,298],"product_tag":[],"class_list":{"0":"post-13542","1":"product","2":"type-product","3":"status-publish","4":"has-post-thumbnail","6":"product_cat-bags_travel_backpack","7":"product_cat-bags_travel","9":"first","10":"instock","11":"shipping-taxable","12":"purchasable","13":"product-type-variable"},"_links":{"self":[{"href":"https:\/\/www.promotio.sk\/de\/wp-json\/wp\/v2\/product\/13542","targetHints":{"allow":["GET"]}}],"collection":[{"href":"https:\/\/www.promotio.sk\/de\/wp-json\/wp\/v2\/product"}],"about":[{"href":"https:\/\/www.promotio.sk\/de\/wp-json\/wp\/v2\/types\/product"}],"replies":[{"embeddable":true,"href":"https:\/\/www.promotio.sk\/de\/wp-json\/wp\/v2\/comments?post=13542"}],"wp:featuredmedia":[{"embeddable":true,"href":"https:\/\/www.promotio.sk\/de\/wp-json\/wp\/v2\/media\/13543"}],"wp:attachment":[{"href":"https:\/\/www.promotio.sk\/de\/wp-json\/wp\/v2\/media?parent=13542"}],"wp:term":[{"taxonomy":"product_cat","embeddable":true,"href":"https:\/\/www.promotio.sk\/de\/wp-json\/wp\/v2\/product_cat?post=13542"},{"taxonomy":"product_tag","embeddable":true,"href":"https:\/\/www.promotio.sk\/de\/wp-json\/wp\/v2\/product_tag?post=13542"}],"curies":[{"name":"wp","href":"https:\/\/api.w.org\/{rel}","templated":true}]}}