{"id":13530,"date":"2024-03-07T17:26:58","date_gmt":"2024-03-07T16:26:58","guid":{"rendered":"https:\/\/www.promotio.sk\/shop\/nezaraden\u00e9\/kiton\/"},"modified":"2024-03-07T17:28:00","modified_gmt":"2024-03-07T16:28:00","slug":"kiton","status":"publish","type":"product","link":"https:\/\/www.promotio.sk\/de\/shop\/promo-items\/bags_travel\/bags_travel_backpack\/kiton\/","title":{"rendered":"KITON"},"content":{"rendered":"<p>Rucksack aus recyceltem RPET 600D-Polyester, der ein kraftvolles Design mit PU-Lederdetails kombiniert. Dieser Rucksack ist nicht nur stilvoll, sondern auch umweltfreundlich.<\/p>\n<p>Im Inneren finden Sie ein gro\u00dfes Hauptfach und eine gepolsterte Tasche zum Schutz Ihres 15-Zoll-Laptops. Dar\u00fcber hinaus verf\u00fcgt er \u00fcber eine gepolsterte Au\u00dfentasche zur sicheren Aufbewahrung Ihrer pers\u00f6nlichen Gegenst\u00e4nde.<\/p>\n<p>F\u00fcr ganzt\u00e4gigen Komfort sind die Griffe und die R\u00fcckseite des Rucksacks gepolstert, was eine ergonomische Passform bietet und den Druck auf Ihre Schultern reduziert.<\/p>\n<p>Dar\u00fcber hinaus verf\u00fcgt er \u00fcber einen praktischen Trolleygurt, mit dem Sie ihn auf Reisen an Ihrem Handgep\u00e4ck befestigen k\u00f6nnen.<\/p>\n<p>Kombinieren Sie Stil, Funktionalit\u00e4t und Nachhaltigkeit mit unserem Rucksack aus recyceltem RPET 600D-Polyester mit markantem Design und PU-Lederdetails. Transportieren Sie Ihre Sachen sicher und umweltbewusst.<br \/>Zusammensetzung: RPET<\/p>","protected":false},"excerpt":{"rendered":"<p>Backpack made of RPET 600D recycled polyester, which combines a vigore design with PU Leather details. This backpack is not<\/p>","protected":false},"featured_media":13531,"comment_status":"open","ping_status":"closed","template":"","meta":[],"product_cat":[299,298],"product_tag":[],"class_list":{"0":"post-13530","1":"product","2":"type-product","3":"status-publish","4":"has-post-thumbnail","6":"product_cat-bags_travel_backpack","7":"product_cat-bags_travel","9":"first","10":"instock","11":"shipping-taxable","12":"purchasable","13":"product-type-variable"},"_links":{"self":[{"href":"https:\/\/www.promotio.sk\/de\/wp-json\/wp\/v2\/product\/13530","targetHints":{"allow":["GET"]}}],"collection":[{"href":"https:\/\/www.promotio.sk\/de\/wp-json\/wp\/v2\/product"}],"about":[{"href":"https:\/\/www.promotio.sk\/de\/wp-json\/wp\/v2\/types\/product"}],"replies":[{"embeddable":true,"href":"https:\/\/www.promotio.sk\/de\/wp-json\/wp\/v2\/comments?post=13530"}],"wp:featuredmedia":[{"embeddable":true,"href":"https:\/\/www.promotio.sk\/de\/wp-json\/wp\/v2\/media\/13531"}],"wp:attachment":[{"href":"https:\/\/www.promotio.sk\/de\/wp-json\/wp\/v2\/media?parent=13530"}],"wp:term":[{"taxonomy":"product_cat","embeddable":true,"href":"https:\/\/www.promotio.sk\/de\/wp-json\/wp\/v2\/product_cat?post=13530"},{"taxonomy":"product_tag","embeddable":true,"href":"https:\/\/www.promotio.sk\/de\/wp-json\/wp\/v2\/product_tag?post=13530"}],"curies":[{"name":"wp","href":"https:\/\/api.w.org\/{rel}","templated":true}]}}