{"id":13513,"date":"2024-03-07T17:25:23","date_gmt":"2024-03-07T16:25:23","guid":{"rendered":"https:\/\/www.promotio.sk\/shop\/nezaraden\u00e9\/norden\/"},"modified":"2024-03-07T17:26:55","modified_gmt":"2024-03-07T16:26:55","slug":"norden","status":"publish","type":"product","link":"https:\/\/www.promotio.sk\/de\/shop\/promo-items\/bags_travel\/bags_travel_backpack\/norden\/","title":{"rendered":"NORDEN"},"content":{"rendered":"<p>Der Anti-Diebstahl-Rucksack RPET 300 D ist eine sichere und nachhaltige Option f\u00fcr den sicheren Transport Ihrer Wertgegenst\u00e4nde. Dank des ergonomischen Designs bieten die gepolsterten Tr\u00e4ger und der R\u00fccken ganzt\u00e4gigen Komfort.<br \/>\nDieser Rucksack verf\u00fcgt \u00fcber zwei gepolsterte Hauptf\u00e4cher zum Schutz Ihres 15-Zoll-Laptops und Tablets. Er hat au\u00dferdem eine gepolsterte Au\u00dfentasche vorne, eine Tragetasche und eine gepolsterte Anti-Diebstahl-Tasche auf der R\u00fcckseite.<br \/>\nDer Rucksack verf\u00fcgt au\u00dferdem \u00fcber einen Trolley-Gurt, mit dem Sie ihn problemlos an Ihrem Handgep\u00e4ck befestigen k\u00f6nnen. Dar\u00fcber hinaus zeigt die Herstellung aus RPET, einem recycelten Material, Ihr Engagement f\u00fcr die Umwelt.<br \/>\nOb f\u00fcr den Alltag oder auf Reisen, dieser diebstahlsichere Rucksack bietet Ihnen Schutz und Komfort und bewahrt Ihre Sachen sicher und organisiert auf.<br \/>Zusammensetzung: RPET<\/p>","protected":false},"excerpt":{"rendered":"<p>The RPET 300 D anti-theft backpack is a safe and sustainable option to carry your belongings with peace of mind.<\/p>","protected":false},"featured_media":13514,"comment_status":"open","ping_status":"closed","template":"","meta":[],"product_cat":[299,298],"product_tag":[],"class_list":{"0":"post-13513","1":"product","2":"type-product","3":"status-publish","4":"has-post-thumbnail","6":"product_cat-bags_travel_backpack","7":"product_cat-bags_travel","9":"first","10":"instock","11":"shipping-taxable","12":"purchasable","13":"product-type-variable"},"_links":{"self":[{"href":"https:\/\/www.promotio.sk\/de\/wp-json\/wp\/v2\/product\/13513","targetHints":{"allow":["GET"]}}],"collection":[{"href":"https:\/\/www.promotio.sk\/de\/wp-json\/wp\/v2\/product"}],"about":[{"href":"https:\/\/www.promotio.sk\/de\/wp-json\/wp\/v2\/types\/product"}],"replies":[{"embeddable":true,"href":"https:\/\/www.promotio.sk\/de\/wp-json\/wp\/v2\/comments?post=13513"}],"wp:featuredmedia":[{"embeddable":true,"href":"https:\/\/www.promotio.sk\/de\/wp-json\/wp\/v2\/media\/13514"}],"wp:attachment":[{"href":"https:\/\/www.promotio.sk\/de\/wp-json\/wp\/v2\/media?parent=13513"}],"wp:term":[{"taxonomy":"product_cat","embeddable":true,"href":"https:\/\/www.promotio.sk\/de\/wp-json\/wp\/v2\/product_cat?post=13513"},{"taxonomy":"product_tag","embeddable":true,"href":"https:\/\/www.promotio.sk\/de\/wp-json\/wp\/v2\/product_tag?post=13513"}],"curies":[{"name":"wp","href":"https:\/\/api.w.org\/{rel}","templated":true}]}}