{"id":13502,"date":"2024-03-07T17:24:25","date_gmt":"2024-03-07T16:24:25","guid":{"rendered":"https:\/\/www.promotio.sk\/shop\/nezaraden\u00e9\/volpex\/"},"modified":"2024-03-07T17:25:21","modified_gmt":"2024-03-07T16:25:21","slug":"volpex","status":"publish","type":"product","link":"https:\/\/www.promotio.sk\/de\/shop\/promo-items\/bags_travel\/bags_travel_backpack\/volpex\/","title":{"rendered":"VOLPEX"},"content":{"rendered":"<p>Der Dokumentenrucksack aus 300D RPET-Recyclingpolyester mit kraftvollem Design ist die perfekte Wahl f\u00fcr alle, die ein Gleichgewicht zwischen Stil, Funktionalit\u00e4t und Nachhaltigkeit suchen. Hergestellt aus recycelten Materialien ist dieser Rucksack eine umweltfreundliche Option.<br \/>\nDas gepolsterte Hauptfach des Rucksacks bietet sicheren und komfortablen Schutz f\u00fcr Ihren 13-Zoll-Laptop oder Ihr Tablet. Dar\u00fcber hinaus verf\u00fcgt er \u00fcber einen praktischen USB-Anschluss f\u00fcr Ihre Powerbank (nicht im Lieferumfang enthalten), sodass Sie Ihre elektronischen Ger\u00e4te unterwegs aufladen k\u00f6nnen.<br \/>\nDie gepolsterten Griffe und die R\u00fcckseite des Rucksacks bieten optimalen Tragekomfort \u2013 auch beim Tragen schwerer Lasten. Mit dem Trolley-Gurt l\u00e4sst sich der Rucksack an Ihrem Rollkoffer befestigen und erleichtert so das Reisen auf Flugh\u00e4fen und Bahnh\u00f6fen.<br \/>\nMit seinem dynamischen Design vereint dieser Rucksack Stil und Vielseitigkeit. Ob f\u00fcr die Arbeit, Meetings oder Reisen \u2013 dieser Aktentaschen-Rucksack bietet Ihnen den Platz und die Funktionalit\u00e4t, die Sie brauchen, um alles mitzunehmen, was Sie brauchen.<br \/>\nEntscheiden Sie sich f\u00fcr den Rucksack aus recyceltem 300D RPET-Polyester mit kraftvollem Design, transportieren Sie Ihre Sachen mit Stil und tragen Sie gleichzeitig zum Umweltschutz bei.<br \/>Zusammensetzung: RPET<\/p>","protected":false},"excerpt":{"rendered":"<p>The document backpack made of 300D RPET recycled polyester with a vigore design is the perfect choice for those looking<\/p>","protected":false},"featured_media":13503,"comment_status":"open","ping_status":"closed","template":"","meta":[],"product_cat":[299,298],"product_tag":[],"class_list":{"0":"post-13502","1":"product","2":"type-product","3":"status-publish","4":"has-post-thumbnail","6":"product_cat-bags_travel_backpack","7":"product_cat-bags_travel","9":"first","10":"instock","11":"shipping-taxable","12":"purchasable","13":"product-type-variable"},"_links":{"self":[{"href":"https:\/\/www.promotio.sk\/de\/wp-json\/wp\/v2\/product\/13502","targetHints":{"allow":["GET"]}}],"collection":[{"href":"https:\/\/www.promotio.sk\/de\/wp-json\/wp\/v2\/product"}],"about":[{"href":"https:\/\/www.promotio.sk\/de\/wp-json\/wp\/v2\/types\/product"}],"replies":[{"embeddable":true,"href":"https:\/\/www.promotio.sk\/de\/wp-json\/wp\/v2\/comments?post=13502"}],"wp:featuredmedia":[{"embeddable":true,"href":"https:\/\/www.promotio.sk\/de\/wp-json\/wp\/v2\/media\/13503"}],"wp:attachment":[{"href":"https:\/\/www.promotio.sk\/de\/wp-json\/wp\/v2\/media?parent=13502"}],"wp:term":[{"taxonomy":"product_cat","embeddable":true,"href":"https:\/\/www.promotio.sk\/de\/wp-json\/wp\/v2\/product_cat?post=13502"},{"taxonomy":"product_tag","embeddable":true,"href":"https:\/\/www.promotio.sk\/de\/wp-json\/wp\/v2\/product_tag?post=13502"}],"curies":[{"name":"wp","href":"https:\/\/api.w.org\/{rel}","templated":true}]}}