{"id":13492,"date":"2024-03-07T17:23:30","date_gmt":"2024-03-07T16:23:30","guid":{"rendered":"https:\/\/www.promotio.sk\/shop\/nezaraden\u00e9\/benza\/"},"modified":"2024-03-07T17:24:23","modified_gmt":"2024-03-07T16:24:23","slug":"benza","status":"publish","type":"product","link":"https:\/\/www.promotio.sk\/de\/shop\/promo-items\/bags_travel\/bags_travel_backpack\/benza\/","title":{"rendered":"BENZA"},"content":{"rendered":"<p>Der RPET 300D Executive-Rucksack aus recyceltem Polyester mit kraftvollem Design ist der perfekte Begleiter f\u00fcr Berufst\u00e4tige, die viel unterwegs sind. Mit seinem eleganten und funktionalen Design bietet Ihnen dieser Rucksack Stil und Funktionalit\u00e4t zugleich.<br \/>\nDieser Rucksack aus recyceltem RPET 300D-Polyester ist eine nachhaltige Wahl, die zum Umweltschutz beitr\u00e4gt. Sein kraftvolles Design verleiht ihm einen Hauch von Modernit\u00e4t und Eleganz.<br \/>\nDer Rucksack verf\u00fcgt \u00fcber ein ger\u00e4umiges Hauptfach, das speziell f\u00fcr Laptops oder Tablets bis zu 12 Zoll konzipiert ist. Au\u00dferdem verf\u00fcgt er \u00fcber zus\u00e4tzliche Taschen zur Organisation Ihrer Sachen wie Dokumente, Notizbl\u00f6cke, Stifte usw.<br \/>\nKomfort steht an erster Stelle, daher hat dieser Business-Rucksack verstellbare und gepolsterte Riemen, mit denen er den ganzen Tag bequem auf dem R\u00fccken getragen werden kann. Er verf\u00fcgt au\u00dferdem \u00fcber einen stabilen Tragegriff f\u00fcr zus\u00e4tzliche Vielseitigkeit.<br \/>\nEgal, ob Sie zur Arbeit, zu Meetings oder auf Gesch\u00e4ftsreisen unterwegs sind, dieser Business-Rucksack aus recyceltem Polyester bietet Ihnen die perfekte Mischung aus Stil, Funktionalit\u00e4t und Umweltbewusstsein. W\u00e4hlen Sie eine verantwortungsvolle und moderne Option, um Ihre Sachen mit Stil zu transportieren und gleichzeitig den Planeten zu schonen.<br \/>Zusammensetzung: RPET<\/p>","protected":false},"excerpt":{"rendered":"<p>The RPET 300D executive backpack in recycled polyester with a vigore design is the perfect companion for professionals on the<\/p>","protected":false},"featured_media":13493,"comment_status":"open","ping_status":"closed","template":"","meta":[],"product_cat":[299,298],"product_tag":[],"class_list":{"0":"post-13492","1":"product","2":"type-product","3":"status-publish","4":"has-post-thumbnail","6":"product_cat-bags_travel_backpack","7":"product_cat-bags_travel","9":"first","10":"instock","11":"shipping-taxable","12":"purchasable","13":"product-type-variable"},"_links":{"self":[{"href":"https:\/\/www.promotio.sk\/de\/wp-json\/wp\/v2\/product\/13492","targetHints":{"allow":["GET"]}}],"collection":[{"href":"https:\/\/www.promotio.sk\/de\/wp-json\/wp\/v2\/product"}],"about":[{"href":"https:\/\/www.promotio.sk\/de\/wp-json\/wp\/v2\/types\/product"}],"replies":[{"embeddable":true,"href":"https:\/\/www.promotio.sk\/de\/wp-json\/wp\/v2\/comments?post=13492"}],"wp:featuredmedia":[{"embeddable":true,"href":"https:\/\/www.promotio.sk\/de\/wp-json\/wp\/v2\/media\/13493"}],"wp:attachment":[{"href":"https:\/\/www.promotio.sk\/de\/wp-json\/wp\/v2\/media?parent=13492"}],"wp:term":[{"taxonomy":"product_cat","embeddable":true,"href":"https:\/\/www.promotio.sk\/de\/wp-json\/wp\/v2\/product_cat?post=13492"},{"taxonomy":"product_tag","embeddable":true,"href":"https:\/\/www.promotio.sk\/de\/wp-json\/wp\/v2\/product_tag?post=13492"}],"curies":[{"name":"wp","href":"https:\/\/api.w.org\/{rel}","templated":true}]}}