{"id":13475,"date":"2024-03-07T17:21:55","date_gmt":"2024-03-07T16:21:55","guid":{"rendered":"https:\/\/www.promotio.sk\/shop\/nezaraden\u00e9\/kugar\/"},"modified":"2024-03-07T17:22:48","modified_gmt":"2024-03-07T16:22:48","slug":"kugar","status":"publish","type":"product","link":"https:\/\/www.promotio.sk\/de\/shop\/promo-items\/bags_travel\/bags_travel_backpack\/kugar\/","title":{"rendered":"KUGAR"},"content":{"rendered":"<p>Erweiterbarer, diebstahlsicherer Rucksack aus PU-Leder. Dieser Rucksack bietet nicht nur Stil und Haltbarkeit, sondern auch zus\u00e4tzliche Sicherheit f\u00fcr Ihre Sachen. Dank eines cleveren Designs befindet sich das Hauptfach auf der R\u00fcckseite des Rucksacks, sodass potenzielle Diebe nur schwer darauf zugreifen k\u00f6nnen.<\/p>\n<p>Im Inneren finden Sie ein gro\u00dfes Hauptfach und eine gepolsterte Tasche f\u00fcr einen 14-Zoll-Laptop. Au\u00dferdem verf\u00fcgt er \u00fcber eine gepolsterte Au\u00dfentasche vorne und Seitentaschen, damit Sie Ihre Sachen \u00fcbersichtlich und in Reichweite aufbewahren k\u00f6nnen.<\/p>\n<p>F\u00fcr Ihren Komfort sind die Griffe und die R\u00fcckseite des Rucksacks gepolstert und bieten so ergonomischen Halt. Dar\u00fcber hinaus verf\u00fcgt er \u00fcber einen Trolleygurt, sodass Sie ihn auf Reisen an Ihrem Handgep\u00e4ck befestigen k\u00f6nnen.<\/p>\n<p>Kombinieren Sie Sicherheit, Funktionalit\u00e4t und Stil mit unserem erweiterbaren Anti-Diebstahl-Rucksack aus PU-Leder. Sch\u00fctzen Sie Ihre Sachen, w\u00e4hrend Sie sich bequem und stilvoll bewegen.<br \/>Zusammensetzung: PU-Leder<\/p>","protected":false},"excerpt":{"rendered":"<p>Extendable anti-theft backpack, made of PU Leather. This backpack not only offers style and durability, but also extra security for<\/p>","protected":false},"featured_media":13476,"comment_status":"open","ping_status":"closed","template":"","meta":[],"product_cat":[299,298],"product_tag":[],"class_list":{"0":"post-13475","1":"product","2":"type-product","3":"status-publish","4":"has-post-thumbnail","6":"product_cat-bags_travel_backpack","7":"product_cat-bags_travel","9":"first","10":"instock","11":"shipping-taxable","12":"purchasable","13":"product-type-variable"},"_links":{"self":[{"href":"https:\/\/www.promotio.sk\/de\/wp-json\/wp\/v2\/product\/13475","targetHints":{"allow":["GET"]}}],"collection":[{"href":"https:\/\/www.promotio.sk\/de\/wp-json\/wp\/v2\/product"}],"about":[{"href":"https:\/\/www.promotio.sk\/de\/wp-json\/wp\/v2\/types\/product"}],"replies":[{"embeddable":true,"href":"https:\/\/www.promotio.sk\/de\/wp-json\/wp\/v2\/comments?post=13475"}],"wp:featuredmedia":[{"embeddable":true,"href":"https:\/\/www.promotio.sk\/de\/wp-json\/wp\/v2\/media\/13476"}],"wp:attachment":[{"href":"https:\/\/www.promotio.sk\/de\/wp-json\/wp\/v2\/media?parent=13475"}],"wp:term":[{"taxonomy":"product_cat","embeddable":true,"href":"https:\/\/www.promotio.sk\/de\/wp-json\/wp\/v2\/product_cat?post=13475"},{"taxonomy":"product_tag","embeddable":true,"href":"https:\/\/www.promotio.sk\/de\/wp-json\/wp\/v2\/product_tag?post=13475"}],"curies":[{"name":"wp","href":"https:\/\/api.w.org\/{rel}","templated":true}]}}