{"id":13432,"date":"2024-03-07T17:18:17","date_gmt":"2024-03-07T16:18:17","guid":{"rendered":"https:\/\/www.promotio.sk\/shop\/nezaraden\u00e9\/luton\/"},"modified":"2024-03-07T17:18:45","modified_gmt":"2024-03-07T16:18:45","slug":"luton","status":"publish","type":"product","link":"https:\/\/www.promotio.sk\/de\/shop\/promo-items\/bags_travel\/travel_accessories\/luton\/","title":{"rendered":"LUTON"},"content":{"rendered":"<p>Die Geldb\u00f6rse aus recyceltem Filz mit lebendigem Design ist eine perfekte M\u00f6glichkeit, Ihr Kleingeld und kleine Gegenst\u00e4nde stilvoll und gleichzeitig umweltbewusst zu transportieren. Diese Geldb\u00f6rse ist aus recyceltem Filz gefertigt und somit eine nachhaltige und umweltfreundliche Wahl.<\/p>\n<p>Das kraftvolle Design verleiht der Geldb\u00f6rse eine moderne und attraktive Note und macht sie sowohl funktional als auch elegant. Mit dem passenden Verschluss und Griff k\u00f6nnen Sie die Geldb\u00f6rse leicht \u00f6ffnen und schlie\u00dfen und Ihr Kleingeld und kleine Gegenst\u00e4nde sicher und organisiert aufbewahren.<br \/>\nDas Innere der Geldb\u00f6rse bietet kompakten, aber ausreichenden Platz f\u00fcr M\u00fcnzen, Schl\u00fcssel, Kopfh\u00f6rer oder andere kleine Gegenst\u00e4nde, die Sie mitnehmen m\u00fcssen. Der bei der Herstellung verwendete recycelte Filz ist langlebig und widerstandsf\u00e4hig und sch\u00fctzt Ihre Sachen vor m\u00f6glichen Sch\u00e4den.<\/p>\n<p>W\u00e4hlen Sie eine Handtasche, die Funktionalit\u00e4t, Mode und Umweltverantwortung vereint, mit der Handtasche aus recyceltem Filz in einem lebendigen Design. Treffen Sie eine bewusste Wahl und verleihen Sie Ihren t\u00e4glichen Accessoires einen Hauch von Stil.<br \/>Zusammensetzung: Fieltro reciclado<\/p>","protected":false},"excerpt":{"rendered":"<p>The purse made of recycled felt with a vigore design is a perfect option to carry your coins and small<\/p>","protected":false},"featured_media":13433,"comment_status":"open","ping_status":"closed","template":"","meta":[],"product_cat":[298,303],"product_tag":[],"class_list":{"0":"post-13432","1":"product","2":"type-product","3":"status-publish","4":"has-post-thumbnail","6":"product_cat-bags_travel","7":"product_cat-travel_accessories","9":"first","10":"instock","11":"shipping-taxable","12":"purchasable","13":"product-type-variable"},"_links":{"self":[{"href":"https:\/\/www.promotio.sk\/de\/wp-json\/wp\/v2\/product\/13432","targetHints":{"allow":["GET"]}}],"collection":[{"href":"https:\/\/www.promotio.sk\/de\/wp-json\/wp\/v2\/product"}],"about":[{"href":"https:\/\/www.promotio.sk\/de\/wp-json\/wp\/v2\/types\/product"}],"replies":[{"embeddable":true,"href":"https:\/\/www.promotio.sk\/de\/wp-json\/wp\/v2\/comments?post=13432"}],"wp:featuredmedia":[{"embeddable":true,"href":"https:\/\/www.promotio.sk\/de\/wp-json\/wp\/v2\/media\/13433"}],"wp:attachment":[{"href":"https:\/\/www.promotio.sk\/de\/wp-json\/wp\/v2\/media?parent=13432"}],"wp:term":[{"taxonomy":"product_cat","embeddable":true,"href":"https:\/\/www.promotio.sk\/de\/wp-json\/wp\/v2\/product_cat?post=13432"},{"taxonomy":"product_tag","embeddable":true,"href":"https:\/\/www.promotio.sk\/de\/wp-json\/wp\/v2\/product_tag?post=13432"}],"curies":[{"name":"wp","href":"https:\/\/api.w.org\/{rel}","templated":true}]}}