{"id":13418,"date":"2024-03-07T17:17:01","date_gmt":"2024-03-07T16:17:01","guid":{"rendered":"https:\/\/www.promotio.sk\/shop\/nezaraden\u00e9\/bleik\/"},"modified":"2024-03-07T17:18:15","modified_gmt":"2024-03-07T16:18:15","slug":"bleik","status":"publish","type":"product","link":"https:\/\/www.promotio.sk\/de\/shop\/promo-items\/bags_travel\/travel_accessories\/bleik\/","title":{"rendered":"BLEIK"},"content":{"rendered":"<p>Robuster Trolley aus widerstandsf\u00e4higem ABS. Zwei Hauptf\u00e4cher und eine Netztasche innen. Integriertes TSA-Sicherheitsschloss inklusive. Kabinentauglich. Drehbare R\u00e4der, die die Beweglichkeit in jede Richtung erleichtern.<br \/>Zusammensetzung: ABS<br \/>Bemerkungen: Kabine akzeptiert.<\/p>","protected":false},"excerpt":{"rendered":"<p>Rigid trolley suitcase in resistant ABS. Two main compartments and interior mesh pocket. Built-in TSA safety lock included. Cabin accepted.<\/p>","protected":false},"featured_media":13419,"comment_status":"open","ping_status":"closed","template":"","meta":[],"product_cat":[298,303],"product_tag":[],"class_list":{"0":"post-13418","1":"product","2":"type-product","3":"status-publish","4":"has-post-thumbnail","6":"product_cat-bags_travel","7":"product_cat-travel_accessories","9":"first","10":"instock","11":"shipping-taxable","12":"purchasable","13":"product-type-variable"},"_links":{"self":[{"href":"https:\/\/www.promotio.sk\/de\/wp-json\/wp\/v2\/product\/13418","targetHints":{"allow":["GET"]}}],"collection":[{"href":"https:\/\/www.promotio.sk\/de\/wp-json\/wp\/v2\/product"}],"about":[{"href":"https:\/\/www.promotio.sk\/de\/wp-json\/wp\/v2\/types\/product"}],"replies":[{"embeddable":true,"href":"https:\/\/www.promotio.sk\/de\/wp-json\/wp\/v2\/comments?post=13418"}],"wp:featuredmedia":[{"embeddable":true,"href":"https:\/\/www.promotio.sk\/de\/wp-json\/wp\/v2\/media\/13419"}],"wp:attachment":[{"href":"https:\/\/www.promotio.sk\/de\/wp-json\/wp\/v2\/media?parent=13418"}],"wp:term":[{"taxonomy":"product_cat","embeddable":true,"href":"https:\/\/www.promotio.sk\/de\/wp-json\/wp\/v2\/product_cat?post=13418"},{"taxonomy":"product_tag","embeddable":true,"href":"https:\/\/www.promotio.sk\/de\/wp-json\/wp\/v2\/product_tag?post=13418"}],"curies":[{"name":"wp","href":"https:\/\/api.w.org\/{rel}","templated":true}]}}