{"id":13072,"date":"2024-03-07T16:46:49","date_gmt":"2024-03-07T15:46:49","guid":{"rendered":"https:\/\/www.promotio.sk\/shop\/nezaraden\u00e9\/coast\/"},"modified":"2024-03-07T16:48:13","modified_gmt":"2024-03-07T15:48:13","slug":"coast","status":"publish","type":"product","link":"https:\/\/www.promotio.sk\/de\/shop\/promo-items\/bags_travel\/bags\/coast\/","title":{"rendered":"K\u00dcSTE"},"content":{"rendered":"<p>Wiederverwendbare Tasche mit gl\u00e4nzend laminierter Oberfl\u00e4che. Widerstandsf\u00e4higes Material mit verst\u00e4rkten Nylongriffen und passender schwarzer Paspelierung.<br \/>Zusammensetzung: Laminiertes Polypropylen.<br \/>Bemerkungen: Tasche aus Bastfaser.<\/p>","protected":false},"excerpt":{"rendered":"<p>Reusable bag in gloss laminated finish. Resistant material with reinforced nylon handles and matching black piping.Composition: Laminated polypropylene.Remarks: Raffia fibre<\/p>","protected":false},"featured_media":13073,"comment_status":"open","ping_status":"closed","template":"","meta":[],"product_cat":[304,298],"product_tag":[],"class_list":{"0":"post-13072","1":"product","2":"type-product","3":"status-publish","4":"has-post-thumbnail","6":"product_cat-bags","7":"product_cat-bags_travel","9":"first","10":"instock","11":"shipping-taxable","12":"purchasable","13":"product-type-variable"},"_links":{"self":[{"href":"https:\/\/www.promotio.sk\/de\/wp-json\/wp\/v2\/product\/13072","targetHints":{"allow":["GET"]}}],"collection":[{"href":"https:\/\/www.promotio.sk\/de\/wp-json\/wp\/v2\/product"}],"about":[{"href":"https:\/\/www.promotio.sk\/de\/wp-json\/wp\/v2\/types\/product"}],"replies":[{"embeddable":true,"href":"https:\/\/www.promotio.sk\/de\/wp-json\/wp\/v2\/comments?post=13072"}],"wp:featuredmedia":[{"embeddable":true,"href":"https:\/\/www.promotio.sk\/de\/wp-json\/wp\/v2\/media\/13073"}],"wp:attachment":[{"href":"https:\/\/www.promotio.sk\/de\/wp-json\/wp\/v2\/media?parent=13072"}],"wp:term":[{"taxonomy":"product_cat","embeddable":true,"href":"https:\/\/www.promotio.sk\/de\/wp-json\/wp\/v2\/product_cat?post=13072"},{"taxonomy":"product_tag","embeddable":true,"href":"https:\/\/www.promotio.sk\/de\/wp-json\/wp\/v2\/product_tag?post=13072"}],"curies":[{"name":"wp","href":"https:\/\/api.w.org\/{rel}","templated":true}]}}