{"id":12901,"date":"2024-03-07T16:31:49","date_gmt":"2024-03-07T15:31:49","guid":{"rendered":"https:\/\/www.promotio.sk\/shop\/nezaraden\u00e9\/aleta\/"},"modified":"2024-03-07T20:25:49","modified_gmt":"2024-03-07T19:25:49","slug":"aleta","status":"publish","type":"product","link":"https:\/\/www.promotio.sk\/de\/shop\/promo-items\/bags_travel\/bags\/aleta\/","title":{"rendered":"ALETA"},"content":{"rendered":"<p>Wasserdichter Dry Bag aus widerstandsf\u00e4higem Ripstop mit Sichtfenster f\u00fcr das Mobiltelefon. Wasserdichter Verschluss mit Click-and-Carry-Karabiner. 2,5 Liter Fassungsverm\u00f6gen. <br \/>Zusammensetzung: Widerstandsf\u00e4higes Ripstop.<\/p>","protected":false},"excerpt":{"rendered":"<p>Waterproof dry bag made of resistant ripstop with window pocket for the mobile phone. Watertight fastening with click and carry<\/p>","protected":false},"featured_media":12902,"comment_status":"open","ping_status":"closed","template":"","meta":[],"product_cat":[304,298],"product_tag":[],"class_list":{"0":"post-12901","1":"product","2":"type-product","3":"status-publish","4":"has-post-thumbnail","6":"product_cat-bags","7":"product_cat-bags_travel","9":"first","10":"instock","11":"shipping-taxable","12":"purchasable","13":"product-type-variable"},"_links":{"self":[{"href":"https:\/\/www.promotio.sk\/de\/wp-json\/wp\/v2\/product\/12901","targetHints":{"allow":["GET"]}}],"collection":[{"href":"https:\/\/www.promotio.sk\/de\/wp-json\/wp\/v2\/product"}],"about":[{"href":"https:\/\/www.promotio.sk\/de\/wp-json\/wp\/v2\/types\/product"}],"replies":[{"embeddable":true,"href":"https:\/\/www.promotio.sk\/de\/wp-json\/wp\/v2\/comments?post=12901"}],"wp:featuredmedia":[{"embeddable":true,"href":"https:\/\/www.promotio.sk\/de\/wp-json\/wp\/v2\/media\/12902"}],"wp:attachment":[{"href":"https:\/\/www.promotio.sk\/de\/wp-json\/wp\/v2\/media?parent=12901"}],"wp:term":[{"taxonomy":"product_cat","embeddable":true,"href":"https:\/\/www.promotio.sk\/de\/wp-json\/wp\/v2\/product_cat?post=12901"},{"taxonomy":"product_tag","embeddable":true,"href":"https:\/\/www.promotio.sk\/de\/wp-json\/wp\/v2\/product_tag?post=12901"}],"curies":[{"name":"wp","href":"https:\/\/api.w.org\/{rel}","templated":true}]}}