{"id":12486,"date":"2024-03-07T15:55:35","date_gmt":"2024-03-07T14:55:35","guid":{"rendered":"https:\/\/www.promotio.sk\/shop\/nezaraden\u00e9\/novak\/"},"modified":"2024-03-07T15:56:38","modified_gmt":"2024-03-07T14:56:38","slug":"novak","status":"publish","type":"product","link":"https:\/\/www.promotio.sk\/de\/shop\/promo-items\/bags_travel\/bags_travel_backpack\/novak\/","title":{"rendered":"NOVAK"},"content":{"rendered":"<p>Ger\u00e4umige Multifunktionstasche aus 600D Polyester. 5 F\u00e4cher mit Rei\u00dfverschluss. Verst\u00e4rkter Boden. Gepolsterter verstellbarer Schultergurt inklusive.<br \/>Zusammensetzung: 600D Polyester.<br \/>Bemerkungen: Kapazit\u00e4t: 65L<\/p>","protected":false},"excerpt":{"rendered":"<p>Roomy multifunctional bag in 600D polyester. 5 compartments with zip fastening. Reinforced base. Padded adjustable shoulder strap included.Composition: 600D polyester.Remarks:<\/p>","protected":false},"featured_media":12487,"comment_status":"open","ping_status":"closed","template":"","meta":[],"product_cat":[299,298,303],"product_tag":[],"class_list":{"0":"post-12486","1":"product","2":"type-product","3":"status-publish","4":"has-post-thumbnail","6":"product_cat-bags_travel_backpack","7":"product_cat-bags_travel","8":"product_cat-travel_accessories","10":"first","11":"instock","12":"shipping-taxable","13":"purchasable","14":"product-type-variable"},"_links":{"self":[{"href":"https:\/\/www.promotio.sk\/de\/wp-json\/wp\/v2\/product\/12486","targetHints":{"allow":["GET"]}}],"collection":[{"href":"https:\/\/www.promotio.sk\/de\/wp-json\/wp\/v2\/product"}],"about":[{"href":"https:\/\/www.promotio.sk\/de\/wp-json\/wp\/v2\/types\/product"}],"replies":[{"embeddable":true,"href":"https:\/\/www.promotio.sk\/de\/wp-json\/wp\/v2\/comments?post=12486"}],"wp:featuredmedia":[{"embeddable":true,"href":"https:\/\/www.promotio.sk\/de\/wp-json\/wp\/v2\/media\/12487"}],"wp:attachment":[{"href":"https:\/\/www.promotio.sk\/de\/wp-json\/wp\/v2\/media?parent=12486"}],"wp:term":[{"taxonomy":"product_cat","embeddable":true,"href":"https:\/\/www.promotio.sk\/de\/wp-json\/wp\/v2\/product_cat?post=12486"},{"taxonomy":"product_tag","embeddable":true,"href":"https:\/\/www.promotio.sk\/de\/wp-json\/wp\/v2\/product_tag?post=12486"}],"curies":[{"name":"wp","href":"https:\/\/api.w.org\/{rel}","templated":true}]}}