{"id":12187,"date":"2024-03-07T15:29:12","date_gmt":"2024-03-07T14:29:12","guid":{"rendered":"https:\/\/www.promotio.sk\/shop\/nezaraden\u00e9\/dodo\/"},"modified":"2024-03-07T15:30:33","modified_gmt":"2024-03-07T14:30:33","slug":"dodo","status":"publish","type":"product","link":"https:\/\/www.promotio.sk\/de\/shop\/promo-items\/bags_travel\/bags_travel_backpack\/dodo\/","title":{"rendered":"DODO"},"content":{"rendered":"<p>Multifunktionaler Rucksack aus 900D Polyester. Ger\u00e4umiges Hauptfach mit Rolltop und Rei\u00dfverschluss sowie Druckkn\u00f6pfen. Seitentaschen. Bequem gepolsterter R\u00fccken und Schultergurte. Rucksack f\u00fcr den t\u00e4glichen Gebrauch.<br \/>Zusammensetzung: 100% Polyester, Oxford-Gewebe, 900D, 220 g\/m\u00b2.<br \/>\nEinheitsgr\u00f6\u00dfe: 44 x 30 x 13 cm (offen 60 x 30 x 13 cm). 24 Liter.<br \/>Bemerkungen: * Abnehmbares Etikett.<br \/>\n* Winddichtes Modell.<\/p>","protected":false},"excerpt":{"rendered":"<p>Multifunctional backpack in 900D polyester. Roll top roomy main compartment with zip and snap fasteners. Side pockets. Comfortable padded back<\/p>","protected":false},"featured_media":12188,"comment_status":"open","ping_status":"closed","template":"","meta":[],"product_cat":[299,298],"product_tag":[],"class_list":{"0":"post-12187","1":"product","2":"type-product","3":"status-publish","4":"has-post-thumbnail","6":"product_cat-bags_travel_backpack","7":"product_cat-bags_travel","9":"first","10":"instock","11":"shipping-taxable","12":"purchasable","13":"product-type-variable"},"_links":{"self":[{"href":"https:\/\/www.promotio.sk\/de\/wp-json\/wp\/v2\/product\/12187","targetHints":{"allow":["GET"]}}],"collection":[{"href":"https:\/\/www.promotio.sk\/de\/wp-json\/wp\/v2\/product"}],"about":[{"href":"https:\/\/www.promotio.sk\/de\/wp-json\/wp\/v2\/types\/product"}],"replies":[{"embeddable":true,"href":"https:\/\/www.promotio.sk\/de\/wp-json\/wp\/v2\/comments?post=12187"}],"wp:featuredmedia":[{"embeddable":true,"href":"https:\/\/www.promotio.sk\/de\/wp-json\/wp\/v2\/media\/12188"}],"wp:attachment":[{"href":"https:\/\/www.promotio.sk\/de\/wp-json\/wp\/v2\/media?parent=12187"}],"wp:term":[{"taxonomy":"product_cat","embeddable":true,"href":"https:\/\/www.promotio.sk\/de\/wp-json\/wp\/v2\/product_cat?post=12187"},{"taxonomy":"product_tag","embeddable":true,"href":"https:\/\/www.promotio.sk\/de\/wp-json\/wp\/v2\/product_tag?post=12187"}],"curies":[{"name":"wp","href":"https:\/\/api.w.org\/{rel}","templated":true}]}}