{"id":12161,"date":"2024-03-07T15:26:54","date_gmt":"2024-03-07T14:26:54","guid":{"rendered":"https:\/\/www.promotio.sk\/shop\/nezaraden\u00e9\/trento\/"},"modified":"2024-03-07T15:27:26","modified_gmt":"2024-03-07T14:27:26","slug":"trento","status":"publish","type":"product","link":"https:\/\/www.promotio.sk\/de\/shop\/promo-items\/bags_travel\/bags\/trento\/","title":{"rendered":"TRIENT"},"content":{"rendered":"<p>80 g\/m\u00b2 schwere Vliestasche mit widerstandsf\u00e4higen gestanzten Griffen und hei\u00dfversiegelten Kanten. Perfekt f\u00fcr die Sublimation.<br \/>Zusammensetzung: 80 g\/m\u00b2 Vlies.<br \/>Bemerkungen: Perfekt f\u00fcr die Sublimation.<\/p>","protected":false},"excerpt":{"rendered":"<p>80 gsm non-woven bag with resistant die-cut handles and heat-sealed edges. Perfect for sublimation.Composition: 80 gsm non-woven.Remarks: Perfect for sublimation.<\/p>","protected":false},"featured_media":12162,"comment_status":"open","ping_status":"closed","template":"","meta":[],"product_cat":[304,298],"product_tag":[],"class_list":{"0":"post-12161","1":"product","2":"type-product","3":"status-publish","4":"has-post-thumbnail","6":"product_cat-bags","7":"product_cat-bags_travel","9":"first","10":"instock","11":"shipping-taxable","12":"purchasable","13":"product-type-variable"},"_links":{"self":[{"href":"https:\/\/www.promotio.sk\/de\/wp-json\/wp\/v2\/product\/12161","targetHints":{"allow":["GET"]}}],"collection":[{"href":"https:\/\/www.promotio.sk\/de\/wp-json\/wp\/v2\/product"}],"about":[{"href":"https:\/\/www.promotio.sk\/de\/wp-json\/wp\/v2\/types\/product"}],"replies":[{"embeddable":true,"href":"https:\/\/www.promotio.sk\/de\/wp-json\/wp\/v2\/comments?post=12161"}],"wp:featuredmedia":[{"embeddable":true,"href":"https:\/\/www.promotio.sk\/de\/wp-json\/wp\/v2\/media\/12162"}],"wp:attachment":[{"href":"https:\/\/www.promotio.sk\/de\/wp-json\/wp\/v2\/media?parent=12161"}],"wp:term":[{"taxonomy":"product_cat","embeddable":true,"href":"https:\/\/www.promotio.sk\/de\/wp-json\/wp\/v2\/product_cat?post=12161"},{"taxonomy":"product_tag","embeddable":true,"href":"https:\/\/www.promotio.sk\/de\/wp-json\/wp\/v2\/product_tag?post=12161"}],"curies":[{"name":"wp","href":"https:\/\/api.w.org\/{rel}","templated":true}]}}