{"id":12098,"date":"2024-03-07T15:21:28","date_gmt":"2024-03-07T14:21:28","guid":{"rendered":"https:\/\/www.promotio.sk\/shop\/nezaraden\u00e9\/marabu\/"},"modified":"2024-03-07T15:23:23","modified_gmt":"2024-03-07T14:23:23","slug":"marabu","status":"publish","type":"product","link":"https:\/\/www.promotio.sk\/de\/shop\/promo-items\/bags_travel\/bags_travel_backpack\/marabu\/","title":{"rendered":"MARABU"},"content":{"rendered":"<p>Klassischer Rucksack aus 900D Polyester mit ger\u00e4umigen F\u00e4chern. Gepolsterter R\u00fccken und Schultergurte. Abnehmbares Etikett.<br \/>Zusammensetzung: 100% Polyester, 900D, 550 g\/m\u00b2.<br \/>\nEinheitsgr\u00f6\u00dfe: 30 x 40 x 18 cm. 20 Liter.<br \/>Anmerkungen: *Abnehmbares Etikett.<\/p>","protected":false},"excerpt":{"rendered":"<p>Classic backpack in 900D polyester with roomy comparments. Padded back and shoulder straps. Removable label.Composition: 100% polyester, 900D, 550 gsm.<\/p>","protected":false},"featured_media":12099,"comment_status":"open","ping_status":"closed","template":"","meta":[],"product_cat":[299,298],"product_tag":[],"class_list":{"0":"post-12098","1":"product","2":"type-product","3":"status-publish","4":"has-post-thumbnail","6":"product_cat-bags_travel_backpack","7":"product_cat-bags_travel","9":"first","10":"instock","11":"shipping-taxable","12":"purchasable","13":"product-type-variable"},"_links":{"self":[{"href":"https:\/\/www.promotio.sk\/de\/wp-json\/wp\/v2\/product\/12098","targetHints":{"allow":["GET"]}}],"collection":[{"href":"https:\/\/www.promotio.sk\/de\/wp-json\/wp\/v2\/product"}],"about":[{"href":"https:\/\/www.promotio.sk\/de\/wp-json\/wp\/v2\/types\/product"}],"replies":[{"embeddable":true,"href":"https:\/\/www.promotio.sk\/de\/wp-json\/wp\/v2\/comments?post=12098"}],"wp:featuredmedia":[{"embeddable":true,"href":"https:\/\/www.promotio.sk\/de\/wp-json\/wp\/v2\/media\/12099"}],"wp:attachment":[{"href":"https:\/\/www.promotio.sk\/de\/wp-json\/wp\/v2\/media?parent=12098"}],"wp:term":[{"taxonomy":"product_cat","embeddable":true,"href":"https:\/\/www.promotio.sk\/de\/wp-json\/wp\/v2\/product_cat?post=12098"},{"taxonomy":"product_tag","embeddable":true,"href":"https:\/\/www.promotio.sk\/de\/wp-json\/wp\/v2\/product_tag?post=12098"}],"curies":[{"name":"wp","href":"https:\/\/api.w.org\/{rel}","templated":true}]}}