{"id":11985,"date":"2024-03-07T15:11:41","date_gmt":"2024-03-07T14:11:41","guid":{"rendered":"https:\/\/www.promotio.sk\/shop\/nezaraden\u00e9\/fantom\/"},"modified":"2024-03-07T15:12:46","modified_gmt":"2024-03-07T14:12:46","slug":"fantom","status":"publish","type":"product","link":"https:\/\/www.promotio.sk\/de\/shop\/promo-items\/bags_travel\/bags_travel_backpack\/fantom\/","title":{"rendered":"FANTOM"},"content":{"rendered":"<p>Die multifunktionale Tasche aus PU-Leder mit hochwertigem und wasserabweisendem Finish ist die ideale Option, um Ihre Sachen organisiert und sicher zu transportieren. Ihr elegantes und langlebiges Design verleiht Ihnen Stil und Funktionalit\u00e4t in jeder Situation.<br \/>\nMit einem gro\u00dfen Hauptfach und einer gepolsterten Laptop-Innentasche k\u00f6nnen Sie Ihre elektronischen Ger\u00e4te sicher und gesch\u00fctzt mitnehmen. Dar\u00fcber hinaus verf\u00fcgt er \u00fcber mehrere Au\u00dfentaschen, in denen Sie kleinere Gegenst\u00e4nde verstauen k\u00f6nnen, sodass Sie schnell darauf zugreifen und sie immer zur Hand haben.<br \/>\nDie Tasche verf\u00fcgt au\u00dferdem \u00fcber ein spezielles Schuhfach, in dem Sie Ihre Schuhe vom Rest Ihrer Sachen trennen und alles ordentlich aufbewahren k\u00f6nnen. Alle F\u00e4cher haben wasserdichte Rei\u00dfverschl\u00fcsse, die den Schutz Ihrer Sachen bei widrigen Wetterbedingungen gew\u00e4hrleisten.<br \/>\nDer gepolsterte Schultergurt mit Rucksackfunktionalit\u00e4t bietet Ihnen vielseitige und bequeme Tragem\u00f6glichkeiten, die sich Ihren Bed\u00fcrfnissen und Vorlieben anpassen.<br \/>\nOb f\u00fcr die Arbeit, auf Reisen oder f\u00fcr den Alltag \u2013 diese Multifunktionstasche vereint Stil, Haltbarkeit und Funktionalit\u00e4t. Bewahren Sie Ihre Sachen mit dieser hochwertigen PU-Tasche sicher, organisiert und gesch\u00fctzt auf.<br \/>Zusammensetzung: PU-Leder<br \/>Bemerkungen: Fassungsverm\u00f6gen: 30 L<\/p>","protected":false},"excerpt":{"rendered":"<p>The multifunctional bag made of PU Leather with a premium and water-resistant finish is the ideal option to carry your<\/p>","protected":false},"featured_media":11986,"comment_status":"open","ping_status":"closed","template":"","meta":[],"product_cat":[299,298],"product_tag":[],"class_list":{"0":"post-11985","1":"product","2":"type-product","3":"status-publish","4":"has-post-thumbnail","6":"product_cat-bags_travel_backpack","7":"product_cat-bags_travel","9":"first","10":"instock","11":"shipping-taxable","12":"purchasable","13":"product-type-variable"},"_links":{"self":[{"href":"https:\/\/www.promotio.sk\/de\/wp-json\/wp\/v2\/product\/11985","targetHints":{"allow":["GET"]}}],"collection":[{"href":"https:\/\/www.promotio.sk\/de\/wp-json\/wp\/v2\/product"}],"about":[{"href":"https:\/\/www.promotio.sk\/de\/wp-json\/wp\/v2\/types\/product"}],"replies":[{"embeddable":true,"href":"https:\/\/www.promotio.sk\/de\/wp-json\/wp\/v2\/comments?post=11985"}],"wp:featuredmedia":[{"embeddable":true,"href":"https:\/\/www.promotio.sk\/de\/wp-json\/wp\/v2\/media\/11986"}],"wp:attachment":[{"href":"https:\/\/www.promotio.sk\/de\/wp-json\/wp\/v2\/media?parent=11985"}],"wp:term":[{"taxonomy":"product_cat","embeddable":true,"href":"https:\/\/www.promotio.sk\/de\/wp-json\/wp\/v2\/product_cat?post=11985"},{"taxonomy":"product_tag","embeddable":true,"href":"https:\/\/www.promotio.sk\/de\/wp-json\/wp\/v2\/product_tag?post=11985"}],"curies":[{"name":"wp","href":"https:\/\/api.w.org\/{rel}","templated":true}]}}