{"id":11977,"date":"2024-03-07T15:10:56","date_gmt":"2024-03-07T14:10:56","guid":{"rendered":"https:\/\/www.promotio.sk\/shop\/nezaraden\u00e9\/carola\/"},"modified":"2024-03-07T15:11:37","modified_gmt":"2024-03-07T14:11:37","slug":"carola","status":"publish","type":"product","link":"https:\/\/www.promotio.sk\/de\/shop\/promo-items\/bags_travel\/bags\/carola\/","title":{"rendered":"CAROLA"},"content":{"rendered":"<p>Die Tasche aus recyceltem Filz mit lebendigem Design ist die perfekte M\u00f6glichkeit, Ihre Sachen praktisch und umweltfreundlich zu transportieren. Diese Tasche ist eine nachhaltige und umweltfreundliche Wahl.<\/p>\n<p>Das Vigore-Design verleiht der Tasche ein modernes und attraktives Aussehen, verleiht Ihrem Look Stil und tr\u00e4gt gleichzeitig zum Umweltschutz bei. Die 70 cm langen, verst\u00e4rkten Griffe bieten Ihnen Komfort und Stabilit\u00e4t beim Tragen der Tasche, sodass Sie sie bequem \u00fcber der Schulter tragen k\u00f6nnen.<br \/>\nDer bei seiner Herstellung verwendete Recyclingfilz ist langlebig und widerstandsf\u00e4hig. Dar\u00fcber hinaus bietet er ausreichend Platz, um Ihre Sachen ordentlich zu transportieren.<\/p>\n<p>Indem Sie sich f\u00fcr diese Tasche aus recyceltem Filz entscheiden, tragen Sie dazu bei, die Umweltbelastung zu verringern, da bei ihrer Herstellung recyceltes Material verwendet wurde. Auf diese Weise zeigen Sie Ihr Engagement f\u00fcr Nachhaltigkeit und f\u00f6rdern einen bewussten Lebensstil.<br \/>\nEntscheiden Sie sich mit der Tasche aus recyceltem Filz f\u00fcr eine Tasche, die Stil, Funktionalit\u00e4t und Nachhaltigkeit vereint. Tragen Sie Ihre Sachen auf umweltfreundliche Weise und machen Sie einen Unterschied!<br \/>Zusammensetzung: Fieltro reciclado<\/p>","protected":false},"excerpt":{"rendered":"<p>The bag made of recycled felt with a vigore design is the perfect option to carry your belongings in a<\/p>","protected":false},"featured_media":11978,"comment_status":"open","ping_status":"closed","template":"","meta":[],"product_cat":[304,298],"product_tag":[],"class_list":{"0":"post-11977","1":"product","2":"type-product","3":"status-publish","4":"has-post-thumbnail","6":"product_cat-bags","7":"product_cat-bags_travel","9":"first","10":"instock","11":"shipping-taxable","12":"purchasable","13":"product-type-variable"},"_links":{"self":[{"href":"https:\/\/www.promotio.sk\/de\/wp-json\/wp\/v2\/product\/11977","targetHints":{"allow":["GET"]}}],"collection":[{"href":"https:\/\/www.promotio.sk\/de\/wp-json\/wp\/v2\/product"}],"about":[{"href":"https:\/\/www.promotio.sk\/de\/wp-json\/wp\/v2\/types\/product"}],"replies":[{"embeddable":true,"href":"https:\/\/www.promotio.sk\/de\/wp-json\/wp\/v2\/comments?post=11977"}],"wp:featuredmedia":[{"embeddable":true,"href":"https:\/\/www.promotio.sk\/de\/wp-json\/wp\/v2\/media\/11978"}],"wp:attachment":[{"href":"https:\/\/www.promotio.sk\/de\/wp-json\/wp\/v2\/media?parent=11977"}],"wp:term":[{"taxonomy":"product_cat","embeddable":true,"href":"https:\/\/www.promotio.sk\/de\/wp-json\/wp\/v2\/product_cat?post=11977"},{"taxonomy":"product_tag","embeddable":true,"href":"https:\/\/www.promotio.sk\/de\/wp-json\/wp\/v2\/product_tag?post=11977"}],"curies":[{"name":"wp","href":"https:\/\/api.w.org\/{rel}","templated":true}]}}