{"id":11787,"date":"2024-03-07T14:02:25","date_gmt":"2024-03-07T13:02:25","guid":{"rendered":"https:\/\/www.promotio.sk\/shop\/nezaraden\u00e9\/bopp\/"},"modified":"2024-03-07T14:03:42","modified_gmt":"2024-03-07T13:03:42","slug":"bopp","status":"publish","type":"product","link":"https:\/\/www.promotio.sk\/de\/shop\/promo-items\/technology\/chargers\/bopp\/","title":{"rendered":"BOPP"},"content":{"rendered":"<p>Universeller Reiseadapter mit kompaktem und einziehbarem Design und LED-Licht. Mit matter Oberfl\u00e4che und Soft-Touch-Funktion. Geeignet f\u00fcr den Einsatz in Europa, Asien, Gro\u00dfbritannien, den USA und Australien. Verf\u00fcgt \u00fcber 2 USB-Ausg\u00e4nge und eine Ladegeschwindigkeit von 2100 mAh.<br \/>\n<br \/>Bemerkungen: Wechselstromleistung: 6 A max. 100 \u2013 250 V (660 W max. bei 110 V, 1380 W max. bei 230 V).<br \/>\nUSB-Stromversorgung: 5 V\/2,1 A oder 1 A.<br \/>\nEingebauter Sicherheitsmechanismus.<br \/>\nLED-Lichtanzeige.<br \/>\nEingebaute 6A-Sicherung.<br \/>\nUSB-Anschluss zum Aufladen \u00fcber USB-Kabel.<br \/>\nBedienungsanleitung in zwei Sprachen verf\u00fcgbar: Spanisch und Englisch.<br \/>\nPr\u00e4sentation in wei\u00dfer Box.<\/p>","protected":false},"excerpt":{"rendered":"<p>Universal travel adapter with compact and retractable design, with LED light. Designed with a matte finish and soft touch. Valid<\/p>","protected":false},"featured_media":11788,"comment_status":"open","ping_status":"closed","template":"","meta":[],"product_cat":[289,286],"product_tag":[],"class_list":{"0":"post-11787","1":"product","2":"type-product","3":"status-publish","4":"has-post-thumbnail","6":"product_cat-chargers","7":"product_cat-technology","9":"first","10":"instock","11":"shipping-taxable","12":"purchasable","13":"product-type-variable"},"_links":{"self":[{"href":"https:\/\/www.promotio.sk\/de\/wp-json\/wp\/v2\/product\/11787","targetHints":{"allow":["GET"]}}],"collection":[{"href":"https:\/\/www.promotio.sk\/de\/wp-json\/wp\/v2\/product"}],"about":[{"href":"https:\/\/www.promotio.sk\/de\/wp-json\/wp\/v2\/types\/product"}],"replies":[{"embeddable":true,"href":"https:\/\/www.promotio.sk\/de\/wp-json\/wp\/v2\/comments?post=11787"}],"wp:featuredmedia":[{"embeddable":true,"href":"https:\/\/www.promotio.sk\/de\/wp-json\/wp\/v2\/media\/11788"}],"wp:attachment":[{"href":"https:\/\/www.promotio.sk\/de\/wp-json\/wp\/v2\/media?parent=11787"}],"wp:term":[{"taxonomy":"product_cat","embeddable":true,"href":"https:\/\/www.promotio.sk\/de\/wp-json\/wp\/v2\/product_cat?post=11787"},{"taxonomy":"product_tag","embeddable":true,"href":"https:\/\/www.promotio.sk\/de\/wp-json\/wp\/v2\/product_tag?post=11787"}],"curies":[{"name":"wp","href":"https:\/\/api.w.org\/{rel}","templated":true}]}}