{"id":11758,"date":"2024-03-07T14:00:51","date_gmt":"2024-03-07T13:00:51","guid":{"rendered":"https:\/\/www.promotio.sk\/shop\/nezaraden\u00e9\/falcon\/"},"modified":"2024-03-07T14:01:48","modified_gmt":"2024-03-07T13:01:48","slug":"falcon","status":"publish","type":"product","link":"https:\/\/www.promotio.sk\/de\/shop\/promo-items\/technology\/chargers\/falcon\/","title":{"rendered":"FALKE"},"content":{"rendered":"<p>Kabelloses Ladeger\u00e4t mit 10 W Leistung, mit Aluminiumgeh\u00e4use. Schlie\u00dfen Sie es an, legen Sie Ihr Smartphone darauf und lassen Sie es aufladen. Eine Leuchte zeigt an, dass es aufl\u00e4dt. Kompatibel mit Ger\u00e4ten mit kabelloser Ladetechnologie. DC 5 V\/1,0 A. Kabel enthalten.<br \/>Zusammensetzung: Aluminiumgeh\u00e4use.<br \/>Bemerkungen: Eingangsspannung: 5 V 2 A und 9 V 1,67 A. Eingangsleistung: 15 W (MAX).<br \/>\nAusgangsleistung: 10 W (MAX).<br \/>\nLadeeffizienz: \u2264 83%<br \/>\nBedienungsanleitung in 6 Sprachen verf\u00fcgbar: Spanisch, Englisch, Portugiesisch, Deutsch, Franz\u00f6sisch und Italienisch.<br \/>\nPr\u00e4sentation in Designerbox. <\/p>","protected":false},"excerpt":{"rendered":"<p>Wireless charger with 10W of power, made with aluminum body. Connect it, place your smartphone on top of it and<\/p>","protected":false},"featured_media":11759,"comment_status":"open","ping_status":"closed","template":"","meta":[],"product_cat":[289,286],"product_tag":[],"class_list":{"0":"post-11758","1":"product","2":"type-product","3":"status-publish","4":"has-post-thumbnail","6":"product_cat-chargers","7":"product_cat-technology","9":"first","10":"instock","11":"shipping-taxable","12":"purchasable","13":"product-type-variable"},"_links":{"self":[{"href":"https:\/\/www.promotio.sk\/de\/wp-json\/wp\/v2\/product\/11758","targetHints":{"allow":["GET"]}}],"collection":[{"href":"https:\/\/www.promotio.sk\/de\/wp-json\/wp\/v2\/product"}],"about":[{"href":"https:\/\/www.promotio.sk\/de\/wp-json\/wp\/v2\/types\/product"}],"replies":[{"embeddable":true,"href":"https:\/\/www.promotio.sk\/de\/wp-json\/wp\/v2\/comments?post=11758"}],"wp:featuredmedia":[{"embeddable":true,"href":"https:\/\/www.promotio.sk\/de\/wp-json\/wp\/v2\/media\/11759"}],"wp:attachment":[{"href":"https:\/\/www.promotio.sk\/de\/wp-json\/wp\/v2\/media?parent=11758"}],"wp:term":[{"taxonomy":"product_cat","embeddable":true,"href":"https:\/\/www.promotio.sk\/de\/wp-json\/wp\/v2\/product_cat?post=11758"},{"taxonomy":"product_tag","embeddable":true,"href":"https:\/\/www.promotio.sk\/de\/wp-json\/wp\/v2\/product_tag?post=11758"}],"curies":[{"name":"wp","href":"https:\/\/api.w.org\/{rel}","templated":true}]}}