{"id":11735,"date":"2024-03-07T13:59:35","date_gmt":"2024-03-07T12:59:35","guid":{"rendered":"https:\/\/www.promotio.sk\/shop\/nezaraden\u00e9\/lander\/"},"modified":"2024-03-07T14:00:36","modified_gmt":"2024-03-07T13:00:36","slug":"lander","status":"publish","type":"product","link":"https:\/\/www.promotio.sk\/de\/shop\/promo-items\/technology\/chargers\/lander\/","title":{"rendered":"LANDER"},"content":{"rendered":"<p>Kabellose Ladestation f\u00fcr Smartphones. Schlie\u00dfen Sie das Ger\u00e4t an, legen Sie Ihr Smartphone darauf und lassen Sie es aufladen. Kompatibel mit Ger\u00e4ten mit kabelloser Ladetechnologie. 5 W Leistung. Kabel enthalten. <br \/>Bemerkungen: Eingangsspannung: 5V 2A<br \/>\nEingangsleistung: 5 W (MAX).<br \/>\nAusgangsleistung: 5 W (MAX).<br \/>\nLadeeffizienz: \u2264 83%<br \/>\nBedienungsanleitung in zwei Sprachen verf\u00fcgbar: Spanisch und Englisch.<br \/>\nPr\u00e4sentiert in Designerbox. <\/p>","protected":false},"excerpt":{"rendered":"<p>Wireless charging base for smartphone. Connect the device, place your smartphone on top of it and leave it to charge.<\/p>","protected":false},"featured_media":11736,"comment_status":"open","ping_status":"closed","template":"","meta":[],"product_cat":[289,286],"product_tag":[],"class_list":{"0":"post-11735","1":"product","2":"type-product","3":"status-publish","4":"has-post-thumbnail","6":"product_cat-chargers","7":"product_cat-technology","9":"first","10":"instock","11":"shipping-taxable","12":"purchasable","13":"product-type-variable"},"_links":{"self":[{"href":"https:\/\/www.promotio.sk\/de\/wp-json\/wp\/v2\/product\/11735","targetHints":{"allow":["GET"]}}],"collection":[{"href":"https:\/\/www.promotio.sk\/de\/wp-json\/wp\/v2\/product"}],"about":[{"href":"https:\/\/www.promotio.sk\/de\/wp-json\/wp\/v2\/types\/product"}],"replies":[{"embeddable":true,"href":"https:\/\/www.promotio.sk\/de\/wp-json\/wp\/v2\/comments?post=11735"}],"wp:featuredmedia":[{"embeddable":true,"href":"https:\/\/www.promotio.sk\/de\/wp-json\/wp\/v2\/media\/11736"}],"wp:attachment":[{"href":"https:\/\/www.promotio.sk\/de\/wp-json\/wp\/v2\/media?parent=11735"}],"wp:term":[{"taxonomy":"product_cat","embeddable":true,"href":"https:\/\/www.promotio.sk\/de\/wp-json\/wp\/v2\/product_cat?post=11735"},{"taxonomy":"product_tag","embeddable":true,"href":"https:\/\/www.promotio.sk\/de\/wp-json\/wp\/v2\/product_tag?post=11735"}],"curies":[{"name":"wp","href":"https:\/\/api.w.org\/{rel}","templated":true}]}}