{"id":11716,"date":"2024-03-07T13:58:34","date_gmt":"2024-03-07T12:58:34","guid":{"rendered":"https:\/\/www.promotio.sk\/shop\/nezaraden\u00e9\/pulper\/"},"modified":"2024-03-07T13:59:22","modified_gmt":"2024-03-07T12:59:22","slug":"pulper","status":"publish","type":"product","link":"https:\/\/www.promotio.sk\/de\/shop\/promo-items\/technology\/chargers\/pulper\/","title":{"rendered":"PULPER"},"content":{"rendered":"<p>Universeller Reiseadapter. Zwei USB- und ein Typ-C-Ausgang. G\u00fcltig f\u00fcr den Einsatz in Europa, Asien, Gro\u00dfbritannien, den USA und Australien. Pr\u00e4sentation in wei\u00dfer Box.<br \/>Bemerkungen: AC-Leistung: 100 \u2013 240 V (660 W max. bei 110 V, 1380 W max. bei 230 V).<br \/>\nUSB-Ausgang: 5 V, 3,1 A<br \/>\nIntegrierte Sicherung 6A<br \/>\nInklusive LED-Anzeige<br \/>\nIntegrierter Sicherheitsmechanismus.<br \/>\nPr\u00e4sentation in einer wei\u00dfen Box.<\/p>","protected":false},"excerpt":{"rendered":"<p>Universal travel adapter. Two USB and one Type C output ports. Valid for use in Europe, Asia, UK, USA and<\/p>","protected":false},"featured_media":11717,"comment_status":"open","ping_status":"closed","template":"","meta":[],"product_cat":[289,286],"product_tag":[],"class_list":{"0":"post-11716","1":"product","2":"type-product","3":"status-publish","4":"has-post-thumbnail","6":"product_cat-chargers","7":"product_cat-technology","9":"first","10":"instock","11":"shipping-taxable","12":"purchasable","13":"product-type-variable"},"_links":{"self":[{"href":"https:\/\/www.promotio.sk\/de\/wp-json\/wp\/v2\/product\/11716","targetHints":{"allow":["GET"]}}],"collection":[{"href":"https:\/\/www.promotio.sk\/de\/wp-json\/wp\/v2\/product"}],"about":[{"href":"https:\/\/www.promotio.sk\/de\/wp-json\/wp\/v2\/types\/product"}],"replies":[{"embeddable":true,"href":"https:\/\/www.promotio.sk\/de\/wp-json\/wp\/v2\/comments?post=11716"}],"wp:featuredmedia":[{"embeddable":true,"href":"https:\/\/www.promotio.sk\/de\/wp-json\/wp\/v2\/media\/11717"}],"wp:attachment":[{"href":"https:\/\/www.promotio.sk\/de\/wp-json\/wp\/v2\/media?parent=11716"}],"wp:term":[{"taxonomy":"product_cat","embeddable":true,"href":"https:\/\/www.promotio.sk\/de\/wp-json\/wp\/v2\/product_cat?post=11716"},{"taxonomy":"product_tag","embeddable":true,"href":"https:\/\/www.promotio.sk\/de\/wp-json\/wp\/v2\/product_tag?post=11716"}],"curies":[{"name":"wp","href":"https:\/\/api.w.org\/{rel}","templated":true}]}}