{"id":11700,"date":"2024-03-07T13:57:41","date_gmt":"2024-03-07T12:57:41","guid":{"rendered":"https:\/\/www.promotio.sk\/shop\/nezaraden\u00e9\/pombas\/"},"modified":"2024-03-07T13:58:33","modified_gmt":"2024-03-07T12:58:33","slug":"pombas","status":"publish","type":"product","link":"https:\/\/www.promotio.sk\/de\/shop\/promo-items\/technology\/chargers\/pombas\/","title":{"rendered":"POMBAS"},"content":{"rendered":"<p>4-in-1-Kabel. Hauptstruktur aus Bambus, Baumwollkabel und Details aus Weizenfaser. USB- und Typ-C-Eing\u00e4nge. USB-, Typ-C- und Lightning-Ausg\u00e4nge. Karabiner enthalten. Pr\u00e4sentation in einer individuellen \u00d6kodesign-Tasche.<br \/>Zusammensetzung: Bambus, Algod\u00f3n und Fibra de Trigo.<br \/>Anmerkungen: Pr\u00e4sentation \u00fcber individuelles \u00d6ko-Design.<\/p>","protected":false},"excerpt":{"rendered":"<p>4-in-1 cable. Main structure in bamboo, cotton cable and detailsin wheat fibre. USB and Type C inputs. USB, Type C<\/p>","protected":false},"featured_media":11701,"comment_status":"open","ping_status":"closed","template":"","meta":[],"product_cat":[289,286],"product_tag":[],"class_list":{"0":"post-11700","1":"product","2":"type-product","3":"status-publish","4":"has-post-thumbnail","6":"product_cat-chargers","7":"product_cat-technology","9":"first","10":"instock","11":"shipping-taxable","12":"purchasable","13":"product-type-variable"},"_links":{"self":[{"href":"https:\/\/www.promotio.sk\/de\/wp-json\/wp\/v2\/product\/11700","targetHints":{"allow":["GET"]}}],"collection":[{"href":"https:\/\/www.promotio.sk\/de\/wp-json\/wp\/v2\/product"}],"about":[{"href":"https:\/\/www.promotio.sk\/de\/wp-json\/wp\/v2\/types\/product"}],"replies":[{"embeddable":true,"href":"https:\/\/www.promotio.sk\/de\/wp-json\/wp\/v2\/comments?post=11700"}],"wp:featuredmedia":[{"embeddable":true,"href":"https:\/\/www.promotio.sk\/de\/wp-json\/wp\/v2\/media\/11701"}],"wp:attachment":[{"href":"https:\/\/www.promotio.sk\/de\/wp-json\/wp\/v2\/media?parent=11700"}],"wp:term":[{"taxonomy":"product_cat","embeddable":true,"href":"https:\/\/www.promotio.sk\/de\/wp-json\/wp\/v2\/product_cat?post=11700"},{"taxonomy":"product_tag","embeddable":true,"href":"https:\/\/www.promotio.sk\/de\/wp-json\/wp\/v2\/product_tag?post=11700"}],"curies":[{"name":"wp","href":"https:\/\/api.w.org\/{rel}","templated":true}]}}