{"id":11675,"date":"2024-03-07T13:56:19","date_gmt":"2024-03-07T12:56:19","guid":{"rendered":"https:\/\/www.promotio.sk\/shop\/nezaraden\u00e9\/dorian\/"},"modified":"2024-03-07T13:57:40","modified_gmt":"2024-03-07T12:57:40","slug":"dorian","status":"publish","type":"product","link":"https:\/\/www.promotio.sk\/de\/shop\/promo-items\/technology\/usb_flash_drivers\/dorian\/","title":{"rendered":"DORIAN"},"content":{"rendered":"<p>USB-Anschluss mit einem Geh\u00e4use aus hochwertigem recyceltem Aluminium. Dieser vielseitige Anschluss verf\u00fcgt \u00fcber einen USB- und Typ-C-Eingang sowie einen 2-Port-USB- und Typ-C-Ausgang und bietet Ihnen mehrere M\u00f6glichkeiten, Ihre Ger\u00e4te effizient und bequem aufzuladen.<\/p>\n<p>Egal, ob Sie Ihr Telefon, Tablet oder ein anderes kompatibles Ger\u00e4t aufladen m\u00f6chten, unser USB-Anschluss bietet Ihnen eine praktische und zuverl\u00e4ssige L\u00f6sung. Dar\u00fcber hinaus spiegelt das Design aus recyceltem Aluminium unser Engagement f\u00fcr Nachhaltigkeit und Umweltschutz wider.<\/p>\n<p>Um unser umweltfreundliches Angebot zu vervollst\u00e4ndigen, pr\u00e4sentieren wir diesen USB-Anschluss in einer Box aus umweltfreundlichen Materialien. Wir m\u00f6chten sicherstellen, dass Sie nicht nur ein Qualit\u00e4tsprodukt genie\u00dfen, sondern auch dazu beitragen, Ihre Umweltbelastung zu verringern.<br \/>Zusammensetzung: Recicladiertes Aluminium<br \/>Anmerkungen: Bambus-USB-Anschluss mit 3 USB 2.0-Hubs (2 USB-A-Anschl\u00fcsse und 1 USB-C-Anschluss). Kompatibel mit USB-Ger\u00e4ten 1.1 und 2.0. Eingang: 5 V. Ausgang: 5V 1A.<br \/>\nPr\u00e4sentation caja design eco.<\/p>","protected":false},"excerpt":{"rendered":"<p>USB port with a body made of high-quality recycled aluminium. This versatile port features a USB and Type-C input, as<\/p>","protected":false},"featured_media":11676,"comment_status":"open","ping_status":"closed","template":"","meta":[],"product_cat":[286,288],"product_tag":[],"class_list":{"0":"post-11675","1":"product","2":"type-product","3":"status-publish","4":"has-post-thumbnail","6":"product_cat-technology","7":"product_cat-usb_flash_drivers","9":"first","10":"instock","11":"shipping-taxable","12":"purchasable","13":"product-type-variable"},"_links":{"self":[{"href":"https:\/\/www.promotio.sk\/de\/wp-json\/wp\/v2\/product\/11675","targetHints":{"allow":["GET"]}}],"collection":[{"href":"https:\/\/www.promotio.sk\/de\/wp-json\/wp\/v2\/product"}],"about":[{"href":"https:\/\/www.promotio.sk\/de\/wp-json\/wp\/v2\/types\/product"}],"replies":[{"embeddable":true,"href":"https:\/\/www.promotio.sk\/de\/wp-json\/wp\/v2\/comments?post=11675"}],"wp:featuredmedia":[{"embeddable":true,"href":"https:\/\/www.promotio.sk\/de\/wp-json\/wp\/v2\/media\/11676"}],"wp:attachment":[{"href":"https:\/\/www.promotio.sk\/de\/wp-json\/wp\/v2\/media?parent=11675"}],"wp:term":[{"taxonomy":"product_cat","embeddable":true,"href":"https:\/\/www.promotio.sk\/de\/wp-json\/wp\/v2\/product_cat?post=11675"},{"taxonomy":"product_tag","embeddable":true,"href":"https:\/\/www.promotio.sk\/de\/wp-json\/wp\/v2\/product_tag?post=11675"}],"curies":[{"name":"wp","href":"https:\/\/api.w.org\/{rel}","templated":true}]}}