{"id":11662,"date":"2024-03-07T13:55:38","date_gmt":"2024-03-07T12:55:38","guid":{"rendered":"https:\/\/www.promotio.sk\/shop\/nezaraden\u00e9\/lumax\/"},"modified":"2024-03-07T13:56:42","modified_gmt":"2024-03-07T12:56:42","slug":"lumax","status":"publish","type":"product","link":"https:\/\/www.promotio.sk\/de\/shop\/promo-items\/technology\/tech_accessories\/lumax\/","title":{"rendered":"LUMAX"},"content":{"rendered":"<p>LED-Licht f\u00fcr Smartphones, ein unverzichtbares Zubeh\u00f6r f\u00fcr alle Ihre Foto- und Videoanforderungen. Dieses kompakte Ringlicht verf\u00fcgt \u00fcber drei einstellbare Intensit\u00e4tsstufen, um Ihre Selfies oder Videoanrufe zu verbessern.<\/p>\n<p>Der Lichtring l\u00e4sst sich einfach an Ihrem Smartphone befestigen und sorgt f\u00fcr eine gleichm\u00e4\u00dfige, schmeichelhafte Beleuchtung Ihrer Aufnahmen. Egal, ob Sie sich in einer Umgebung mit wenig Licht befinden oder einfach nur Ihre nat\u00fcrliche Sch\u00f6nheit hervorheben m\u00f6chten, mit diesem LED-Licht sehen Sie immer gut aus. Ausgestattet mit einem \u00fcber USB aufladbaren Akku kann dieses Ringlicht \u00fcberall bequem mit Strom versorgt werden. Verabschieden Sie sich vom Batteriewechsel und begr\u00fc\u00dfen Sie nachhaltige Beleuchtungsl\u00f6sungen.<\/p>\n<p>Nehmen Sie mit unserem LED-Smartphonelicht atemberaubende Fotos und Videos mit professionellen Lichteffekten auf. Lassen Sie Ihrer Kreativit\u00e4t freien Lauf und gl\u00e4nzen Sie in jeder Aufnahme.<br \/>Bemerkungen: Eingang: DC 5V<br \/>\nLithiumbatterie, 250 Mah \u2013 3,7 V<br \/>\nMa\u00dfe: 85 x 27 mm<br \/>\nPr\u00e4sentation in der Verpackung.<\/p>","protected":false},"excerpt":{"rendered":"<p>LED light for smartphone, a must-have accessory for all your photography and video needs. This compact ring light features three<\/p>","protected":false},"featured_media":11663,"comment_status":"open","ping_status":"closed","template":"","meta":[],"product_cat":[291,286],"product_tag":[],"class_list":{"0":"post-11662","1":"product","2":"type-product","3":"status-publish","4":"has-post-thumbnail","6":"product_cat-tech_accessories","7":"product_cat-technology","9":"first","10":"instock","11":"shipping-taxable","12":"purchasable","13":"product-type-variable"},"_links":{"self":[{"href":"https:\/\/www.promotio.sk\/de\/wp-json\/wp\/v2\/product\/11662","targetHints":{"allow":["GET"]}}],"collection":[{"href":"https:\/\/www.promotio.sk\/de\/wp-json\/wp\/v2\/product"}],"about":[{"href":"https:\/\/www.promotio.sk\/de\/wp-json\/wp\/v2\/types\/product"}],"replies":[{"embeddable":true,"href":"https:\/\/www.promotio.sk\/de\/wp-json\/wp\/v2\/comments?post=11662"}],"wp:featuredmedia":[{"embeddable":true,"href":"https:\/\/www.promotio.sk\/de\/wp-json\/wp\/v2\/media\/11663"}],"wp:attachment":[{"href":"https:\/\/www.promotio.sk\/de\/wp-json\/wp\/v2\/media?parent=11662"}],"wp:term":[{"taxonomy":"product_cat","embeddable":true,"href":"https:\/\/www.promotio.sk\/de\/wp-json\/wp\/v2\/product_cat?post=11662"},{"taxonomy":"product_tag","embeddable":true,"href":"https:\/\/www.promotio.sk\/de\/wp-json\/wp\/v2\/product_tag?post=11662"}],"curies":[{"name":"wp","href":"https:\/\/api.w.org\/{rel}","templated":true}]}}