{"id":11642,"date":"2024-03-07T13:54:34","date_gmt":"2024-03-07T12:54:34","guid":{"rendered":"https:\/\/www.promotio.sk\/shop\/nezaraden\u00e9\/legrand\/"},"modified":"2024-03-07T13:55:22","modified_gmt":"2024-03-07T12:55:22","slug":"legrand","status":"publish","type":"product","link":"https:\/\/www.promotio.sk\/de\/shop\/promo-items\/technology\/sound\/legrand\/","title":{"rendered":"LEGRAND"},"content":{"rendered":"<p>Kabelloses Bluetooth 5.0-Headset mit gummierter Oberfl\u00e4che, leicht zu verstauen, da faltbar. Hergestellt mit Polsterung an der Oberseite und weichen Kunstlederpolstern. Aluminiumseiten, ideal f\u00fcr Lasermarkierungen. Es verf\u00fcgt \u00fcber ein integriertes Bedienfeld mit Stereotechnik. Freisprechfunktion und FM-Radio. Wiederaufladbarer Akku. Kabel enthalten. <br \/>Zusammensetzung: \u2013 Gummi-Touch-Finish.<br \/>\n\u2013 Obermaterial und Ohrenpolster aus weichem Kunstleder.<br \/>\n\u2013 Seitenteile aus Aluminium.<br \/>Bemerkungen: USB-Aufladung: DC 5 V IN.<br \/>\nFM-Frequenz: 87,5 \u2013 108 MHz.<br \/>\nDrahtlose Frequenz: 2,401 \u2013 2,480 GHz.<br \/>\nBluetooth-Reichweite: 10 Meter.<br \/>\nFrequenz: 20 Hz \u2013 20 kHz. Ausgangsleistung: 35 mW. SNR: 88 dB.<br \/>\nLadezeit: ca. 2 Stunden. Bedienungsanleitung in 2 Sprachen verf\u00fcgbar: Spanisch und Englisch.<br \/>\nPr\u00e4sentation in wei\u00dfer Box mit Design-Sch\u00e4rpe.<\/p>","protected":false},"excerpt":{"rendered":"<p>Bluetooth 5.0 wireless headset with rubber touch finish, easy to store as they are foldable. Made with top padding and<\/p>","protected":false},"featured_media":11643,"comment_status":"open","ping_status":"closed","template":"","meta":[],"product_cat":[290,286],"product_tag":[],"class_list":{"0":"post-11642","1":"product","2":"type-product","3":"status-publish","4":"has-post-thumbnail","6":"product_cat-sound","7":"product_cat-technology","9":"first","10":"instock","11":"shipping-taxable","12":"purchasable","13":"product-type-variable"},"_links":{"self":[{"href":"https:\/\/www.promotio.sk\/de\/wp-json\/wp\/v2\/product\/11642","targetHints":{"allow":["GET"]}}],"collection":[{"href":"https:\/\/www.promotio.sk\/de\/wp-json\/wp\/v2\/product"}],"about":[{"href":"https:\/\/www.promotio.sk\/de\/wp-json\/wp\/v2\/types\/product"}],"replies":[{"embeddable":true,"href":"https:\/\/www.promotio.sk\/de\/wp-json\/wp\/v2\/comments?post=11642"}],"wp:featuredmedia":[{"embeddable":true,"href":"https:\/\/www.promotio.sk\/de\/wp-json\/wp\/v2\/media\/11643"}],"wp:attachment":[{"href":"https:\/\/www.promotio.sk\/de\/wp-json\/wp\/v2\/media?parent=11642"}],"wp:term":[{"taxonomy":"product_cat","embeddable":true,"href":"https:\/\/www.promotio.sk\/de\/wp-json\/wp\/v2\/product_cat?post=11642"},{"taxonomy":"product_tag","embeddable":true,"href":"https:\/\/www.promotio.sk\/de\/wp-json\/wp\/v2\/product_tag?post=11642"}],"curies":[{"name":"wp","href":"https:\/\/api.w.org\/{rel}","templated":true}]}}