{"id":11603,"date":"2024-03-07T13:52:33","date_gmt":"2024-03-07T12:52:33","guid":{"rendered":"https:\/\/www.promotio.sk\/shop\/nezaraden\u00e9\/luca\/"},"modified":"2024-03-07T13:53:43","modified_gmt":"2024-03-07T12:53:43","slug":"luca","status":"publish","type":"product","link":"https:\/\/www.promotio.sk\/de\/shop\/promo-items\/technology\/sound\/luca\/","title":{"rendered":"LUCA"},"content":{"rendered":"<p>Kabellose Kopfh\u00f6rer mit hochwertiger Stoffoberfl\u00e4che sind eine stilvolle und bequeme M\u00f6glichkeit, Ihre Lieblingsmusik ohne st\u00f6rende Kabel zu genie\u00dfen. Diese Kopfh\u00f6rer bieten ein hochwertiges H\u00f6rerlebnis mit Stereotechnologie, sodass Sie jedes Detail sowie Surround-Sound genie\u00dfen k\u00f6nnen.<\/p>\n<p>Die Oberpolsterung aus Kunstleder und die weichen Stoffpolster sorgen f\u00fcr einen angenehmen und bequemen Sitz bei l\u00e4ngerem Tragen. Egal, ob Sie Musik h\u00f6ren, Filme ansehen oder telefonieren, Sie k\u00f6nnen au\u00dfergew\u00f6hnlichen Komfort genie\u00dfen, ohne auf die Klangqualit\u00e4t verzichten zu m\u00fcssen.<\/p>\n<p>\u00dcber das integrierte Bedienfeld am Kopfh\u00f6rer k\u00f6nnen Sie ganz einfach die Lautst\u00e4rke regeln, den Titel wechseln und Anrufe annehmen. Dar\u00fcber hinaus verf\u00fcgen sie \u00fcber eine Freisprechfunktion, sodass Sie Ihre Anrufe entgegennehmen k\u00f6nnen, ohne Ihr Telefon herausnehmen zu m\u00fcssen.<\/p>\n<p>Der wiederaufladbare Akku dieser Kopfh\u00f6rer bietet eine lange Lebensdauer, sodass Sie Ihre Musik stundenlang ohne Unterbrechung genie\u00dfen k\u00f6nnen. Dar\u00fcber hinaus ist ein Typ-C-Kabel im Lieferumfang enthalten, mit dem Sie die Kopfh\u00f6rer schnell und bequem aufladen k\u00f6nnen.<\/p>\n<p>Diese kabellosen Kopfh\u00f6rer werden in einem stilvollen Designetui geliefert und sind das perfekte Geschenk f\u00fcr jeden Musikliebhaber. Egal, ob Sie sie zu Hause, bei der Arbeit oder unterwegs tragen, Sie werden ein au\u00dfergew\u00f6hnliches H\u00f6rerlebnis mit Stil und Komfort genie\u00dfen.<br \/>\n<br \/>Anmerkungen: Bluetooth-Version: 5.3<br \/>\nEntfernung der Bluetooth-Funktion: 10 Meter<br \/>\nLautsprechertreiber: 40 mm<br \/>\nS\/N-Verh\u00e4ltnis: 121 dB<br \/>\nBatteriekapazit\u00e4t: 400 mAh<br \/>\nDauer: 3-4 Stunden<br \/>\nGer\u00e4uschreduzierung: CVC6.0<br \/>\nImpedanz: 32\u03a9<br \/>\nPr\u00e4sentation in caja dise\u00f1o.<\/p>","protected":false},"excerpt":{"rendered":"<p>Wireless headphones with premium fabric finish are a stylish and comfortable option to enjoy your favourite music without annoying cables.<\/p>","protected":false},"featured_media":11604,"comment_status":"open","ping_status":"closed","template":"","meta":[],"product_cat":[290,286],"product_tag":[],"class_list":{"0":"post-11603","1":"product","2":"type-product","3":"status-publish","4":"has-post-thumbnail","6":"product_cat-sound","7":"product_cat-technology","9":"first","10":"instock","11":"shipping-taxable","12":"purchasable","13":"product-type-variable"},"_links":{"self":[{"href":"https:\/\/www.promotio.sk\/de\/wp-json\/wp\/v2\/product\/11603","targetHints":{"allow":["GET"]}}],"collection":[{"href":"https:\/\/www.promotio.sk\/de\/wp-json\/wp\/v2\/product"}],"about":[{"href":"https:\/\/www.promotio.sk\/de\/wp-json\/wp\/v2\/types\/product"}],"replies":[{"embeddable":true,"href":"https:\/\/www.promotio.sk\/de\/wp-json\/wp\/v2\/comments?post=11603"}],"wp:featuredmedia":[{"embeddable":true,"href":"https:\/\/www.promotio.sk\/de\/wp-json\/wp\/v2\/media\/11604"}],"wp:attachment":[{"href":"https:\/\/www.promotio.sk\/de\/wp-json\/wp\/v2\/media?parent=11603"}],"wp:term":[{"taxonomy":"product_cat","embeddable":true,"href":"https:\/\/www.promotio.sk\/de\/wp-json\/wp\/v2\/product_cat?post=11603"},{"taxonomy":"product_tag","embeddable":true,"href":"https:\/\/www.promotio.sk\/de\/wp-json\/wp\/v2\/product_tag?post=11603"}],"curies":[{"name":"wp","href":"https:\/\/api.w.org\/{rel}","templated":true}]}}