{"id":11573,"date":"2024-03-07T13:50:56","date_gmt":"2024-03-07T12:50:56","guid":{"rendered":"https:\/\/www.promotio.sk\/shop\/nezaraden\u00e9\/funk\/"},"modified":"2024-03-07T13:51:39","modified_gmt":"2024-03-07T12:51:39","slug":"funk","status":"publish","type":"product","link":"https:\/\/www.promotio.sk\/de\/shop\/promo-items\/technology\/sound\/funk\/","title":{"rendered":"FUNK"},"content":{"rendered":"<p>Kabelloses Bluetooth 5.0-Headset mit Ladeetui. LED-Ladeanzeige am Etui und Multifunktionstaste in beiden Headsets integriert. Dank der Freisprechfunktion k\u00f6nnen Sie \u00fcberall Musik h\u00f6ren und sie einfach in ihrem Etui mit Akku und Deckel transportieren. Laufzeit 3 bis 4 Stunden. Kabel inklusive. <br \/>Zusammensetzung: Kunststoff<br \/>Bemerkungen: Bluetooth-Version: 5.1 + BR + EDR + BLE<br \/>\nSteuermodus: a2dp\/avctp\/avdtp\/avrcp\/hfp\/spp\/smp\/att\/gap\/gatt\/rfcomm\/sdp\/L2cap<br \/>\nEmpfindlichkeit: -90 dBm<br \/>\nBluetooth-Reichweite: 10 Meter (in einer ungehinderten Umgebung).<br \/>\nBetriebsdauer: 3-4 Stunden<br \/>\nGespr\u00e4chszeit: 2-3 Stunden<br \/>\nLadezeit: 1,5 Stunden f\u00fcr das Etui und 1 Stunde f\u00fcr die Headsets.<br \/>\nBedienungsanleitung in zwei Sprachen verf\u00fcgbar: Spanisch und Englisch.<br \/>\nPr\u00e4sentation in Designerbox.<\/p>","protected":false},"excerpt":{"rendered":"<p>Bluetooth 5.0 Wireless Headset with Charging Case. LED charging indicator on the case and multi-function button integrated in both headsets.<\/p>","protected":false},"featured_media":11574,"comment_status":"open","ping_status":"closed","template":"","meta":[],"product_cat":[290,286],"product_tag":[],"class_list":{"0":"post-11573","1":"product","2":"type-product","3":"status-publish","4":"has-post-thumbnail","6":"product_cat-sound","7":"product_cat-technology","9":"first","10":"instock","11":"shipping-taxable","12":"purchasable","13":"product-type-variable"},"_links":{"self":[{"href":"https:\/\/www.promotio.sk\/de\/wp-json\/wp\/v2\/product\/11573","targetHints":{"allow":["GET"]}}],"collection":[{"href":"https:\/\/www.promotio.sk\/de\/wp-json\/wp\/v2\/product"}],"about":[{"href":"https:\/\/www.promotio.sk\/de\/wp-json\/wp\/v2\/types\/product"}],"replies":[{"embeddable":true,"href":"https:\/\/www.promotio.sk\/de\/wp-json\/wp\/v2\/comments?post=11573"}],"wp:featuredmedia":[{"embeddable":true,"href":"https:\/\/www.promotio.sk\/de\/wp-json\/wp\/v2\/media\/11574"}],"wp:attachment":[{"href":"https:\/\/www.promotio.sk\/de\/wp-json\/wp\/v2\/media?parent=11573"}],"wp:term":[{"taxonomy":"product_cat","embeddable":true,"href":"https:\/\/www.promotio.sk\/de\/wp-json\/wp\/v2\/product_cat?post=11573"},{"taxonomy":"product_tag","embeddable":true,"href":"https:\/\/www.promotio.sk\/de\/wp-json\/wp\/v2\/product_tag?post=11573"}],"curies":[{"name":"wp","href":"https:\/\/api.w.org\/{rel}","templated":true}]}}