{"id":11571,"date":"2024-03-07T13:50:53","date_gmt":"2024-03-07T12:50:53","guid":{"rendered":"https:\/\/www.promotio.sk\/shop\/nezaraden\u00e9\/ferry\/"},"modified":"2024-03-07T13:51:34","modified_gmt":"2024-03-07T12:51:34","slug":"ferry","status":"publish","type":"product","link":"https:\/\/www.promotio.sk\/de\/shop\/promo-items\/technology\/sound\/ferry\/","title":{"rendered":"F\u00c4HRE"},"content":{"rendered":"<p>Kabelloses Bluetooth 5.0-Headset mit Ladeetui. Stilvolles gl\u00e4nzendes wei\u00dfes Finish. Bedienfeld mit integrierter Touch-Technologie im Headset. Freisprechfunktion. Wiederaufladbares Batteriegeh\u00e4use mit magnetischem Deckel. Kabel enthalten. <br \/>Bemerkungen: Bluetooth-Version: 5.0<br \/>\nBluetooth-Frequenz: 2,4 GHz<br \/>\nBluetooth-Reichweite: 10 Meter<br \/>\nEingangsleistung: DC 5 V<br \/>\nAusgangsleistung: 10mW<br \/>\nSNR: 95 dB<br \/>\nKopfh\u00f6rer-Akku: 35 mAh<br \/>\nAkku des Ladegeh\u00e4uses: 300 mAh<br \/>\nBetriebsdauer: 3-4 Stunden<br \/>\nVerzerrung: weniger als 1%<br \/>\nImpedanz: 32\u03a9<br \/>\nBedienungsanleitung in 4 Sprachen verf\u00fcgbar: Spanisch, Englisch, Franz\u00f6sisch und Italienisch.<br \/>\nPr\u00e4sentation in Designerbox.<\/p>","protected":false},"excerpt":{"rendered":"<p>Bluetooth 5.0 Wireless Headset with Charging Case. Stylish glossy white finish. Control panel with integrated touch technology in headset. Hands-free<\/p>","protected":false},"featured_media":11572,"comment_status":"open","ping_status":"closed","template":"","meta":[],"product_cat":[290,286],"product_tag":[],"class_list":{"0":"post-11571","1":"product","2":"type-product","3":"status-publish","4":"has-post-thumbnail","6":"product_cat-sound","7":"product_cat-technology","9":"first","10":"instock","11":"shipping-taxable","12":"purchasable","13":"product-type-variable"},"_links":{"self":[{"href":"https:\/\/www.promotio.sk\/de\/wp-json\/wp\/v2\/product\/11571","targetHints":{"allow":["GET"]}}],"collection":[{"href":"https:\/\/www.promotio.sk\/de\/wp-json\/wp\/v2\/product"}],"about":[{"href":"https:\/\/www.promotio.sk\/de\/wp-json\/wp\/v2\/types\/product"}],"replies":[{"embeddable":true,"href":"https:\/\/www.promotio.sk\/de\/wp-json\/wp\/v2\/comments?post=11571"}],"wp:featuredmedia":[{"embeddable":true,"href":"https:\/\/www.promotio.sk\/de\/wp-json\/wp\/v2\/media\/11572"}],"wp:attachment":[{"href":"https:\/\/www.promotio.sk\/de\/wp-json\/wp\/v2\/media?parent=11571"}],"wp:term":[{"taxonomy":"product_cat","embeddable":true,"href":"https:\/\/www.promotio.sk\/de\/wp-json\/wp\/v2\/product_cat?post=11571"},{"taxonomy":"product_tag","embeddable":true,"href":"https:\/\/www.promotio.sk\/de\/wp-json\/wp\/v2\/product_tag?post=11571"}],"curies":[{"name":"wp","href":"https:\/\/api.w.org\/{rel}","templated":true}]}}