{"id":11504,"date":"2024-03-07T13:47:09","date_gmt":"2024-03-07T12:47:09","guid":{"rendered":"https:\/\/www.promotio.sk\/shop\/nezaraden\u00e9\/tacet\/"},"modified":"2024-03-07T13:47:43","modified_gmt":"2024-03-07T12:47:43","slug":"tacet","status":"publish","type":"product","link":"https:\/\/www.promotio.sk\/de\/shop\/promo-items\/technology\/sound\/tacet\/","title":{"rendered":"TACET"},"content":{"rendered":"<p>Kabellose Ohrh\u00f6rer mit Ger\u00e4uschunterdr\u00fcckung. Integriertes Bedienfeld mit Touch-Technologie. Freisprechfunktion. Ladeetui mit wiederaufladbarem Akku und Typ-C-Anschluss. Kabel enthalten. <br \/>Bemerkungen: Pr\u00e4sentation in Designbox.<br \/>\nBluetooth 5.0<br \/>\nArbeitsabstand: 10 Meter<br \/>\nAkku Ladecase: 300 mAh<br \/>\nArbeitszeit: 3-4 Stunden<br \/>\nImpedanz: 32\u03a9 <\/p>","protected":false},"excerpt":{"rendered":"<p>Wireless noise-cancelling earbuds. In-built control panel with touch technology. Hands-free function. Charging case with rechargable battery and Type C connection.<\/p>","protected":false},"featured_media":11505,"comment_status":"open","ping_status":"closed","template":"","meta":[],"product_cat":[290,286],"product_tag":[],"class_list":{"0":"post-11504","1":"product","2":"type-product","3":"status-publish","4":"has-post-thumbnail","6":"product_cat-sound","7":"product_cat-technology","9":"first","10":"instock","11":"shipping-taxable","12":"purchasable","13":"product-type-variable"},"_links":{"self":[{"href":"https:\/\/www.promotio.sk\/de\/wp-json\/wp\/v2\/product\/11504","targetHints":{"allow":["GET"]}}],"collection":[{"href":"https:\/\/www.promotio.sk\/de\/wp-json\/wp\/v2\/product"}],"about":[{"href":"https:\/\/www.promotio.sk\/de\/wp-json\/wp\/v2\/types\/product"}],"replies":[{"embeddable":true,"href":"https:\/\/www.promotio.sk\/de\/wp-json\/wp\/v2\/comments?post=11504"}],"wp:featuredmedia":[{"embeddable":true,"href":"https:\/\/www.promotio.sk\/de\/wp-json\/wp\/v2\/media\/11505"}],"wp:attachment":[{"href":"https:\/\/www.promotio.sk\/de\/wp-json\/wp\/v2\/media?parent=11504"}],"wp:term":[{"taxonomy":"product_cat","embeddable":true,"href":"https:\/\/www.promotio.sk\/de\/wp-json\/wp\/v2\/product_cat?post=11504"},{"taxonomy":"product_tag","embeddable":true,"href":"https:\/\/www.promotio.sk\/de\/wp-json\/wp\/v2\/product_tag?post=11504"}],"curies":[{"name":"wp","href":"https:\/\/api.w.org\/{rel}","templated":true}]}}