{"id":11456,"date":"2024-03-07T13:44:38","date_gmt":"2024-03-07T12:44:38","guid":{"rendered":"https:\/\/www.promotio.sk\/shop\/nezaraden\u00e9\/kelvin\/"},"modified":"2024-03-07T13:45:17","modified_gmt":"2024-03-07T12:45:17","slug":"kelvin","status":"publish","type":"product","link":"https:\/\/www.promotio.sk\/de\/shop\/promo-items\/technology\/technology_multifunction\/kelvin\/","title":{"rendered":"KELVIN"},"content":{"rendered":"<p>Weather station with bamboo front shell. Clock, calendar and alarm function with temperature and humidity sensors. Recording of maximum and minimum temperature and humidity. Operates on 2 AAA batteries (not included).<br \/>Zusammensetzung: Bambus<br \/>Bemerkungen: Pr\u00e4sentation in \u00d6ko-Design-Box. Betrieb mit 2 AAA-Batterien (nicht im Lieferumfang enthalten). Geh\u00e4usematerial: ABS<br \/>\nFrontmaterial: Bambus<br \/>\nTemperaturbereich: 0 \u2013 50\u00baC<br \/>\nHumidity range: 20% &#8211; 99%<br \/>\nCalendar range: 2000 &#8211; 2099<br \/>\nBedienungsanleitung in 6 Sprachen: Spanisch, Englisch, Franz\u00f6sisch, Italienisch, Deutsch und Portugiesisch. <\/p>","protected":false},"excerpt":{"rendered":"<p>Weather station with bamboo front shell. Clock, calendar and alarm function with temperature and humidity sensors. Recording of maximum and<\/p>","protected":false},"featured_media":11457,"comment_status":"open","ping_status":"closed","template":"","meta":[],"product_cat":[287,286],"product_tag":[],"class_list":{"0":"post-11456","1":"product","2":"type-product","3":"status-publish","4":"has-post-thumbnail","6":"product_cat-technology_multifunction","7":"product_cat-technology","9":"first","10":"instock","11":"shipping-taxable","12":"purchasable","13":"product-type-variable"},"_links":{"self":[{"href":"https:\/\/www.promotio.sk\/de\/wp-json\/wp\/v2\/product\/11456","targetHints":{"allow":["GET"]}}],"collection":[{"href":"https:\/\/www.promotio.sk\/de\/wp-json\/wp\/v2\/product"}],"about":[{"href":"https:\/\/www.promotio.sk\/de\/wp-json\/wp\/v2\/types\/product"}],"replies":[{"embeddable":true,"href":"https:\/\/www.promotio.sk\/de\/wp-json\/wp\/v2\/comments?post=11456"}],"wp:featuredmedia":[{"embeddable":true,"href":"https:\/\/www.promotio.sk\/de\/wp-json\/wp\/v2\/media\/11457"}],"wp:attachment":[{"href":"https:\/\/www.promotio.sk\/de\/wp-json\/wp\/v2\/media?parent=11456"}],"wp:term":[{"taxonomy":"product_cat","embeddable":true,"href":"https:\/\/www.promotio.sk\/de\/wp-json\/wp\/v2\/product_cat?post=11456"},{"taxonomy":"product_tag","embeddable":true,"href":"https:\/\/www.promotio.sk\/de\/wp-json\/wp\/v2\/product_tag?post=11456"}],"curies":[{"name":"wp","href":"https:\/\/api.w.org\/{rel}","templated":true}]}}