{"id":11422,"date":"2024-03-07T13:42:58","date_gmt":"2024-03-07T12:42:58","guid":{"rendered":"https:\/\/www.promotio.sk\/shop\/nezaraden\u00e9\/nebula\/"},"modified":"2024-03-07T13:43:32","modified_gmt":"2024-03-07T12:43:32","slug":"nebula","status":"publish","type":"product","link":"https:\/\/www.promotio.sk\/de\/shop\/promo-items\/technology\/chargers\/nebula\/","title":{"rendered":"NEBEL"},"content":{"rendered":"<p>Kabelloses Ladeger\u00e4t mit Bambusgeh\u00e4use. Bis zu 3 Ger\u00e4te k\u00f6nnen gleichzeitig geladen werden. Kompatibel mit Ger\u00e4ten mit kabelloser Ladetechnologie. Typ C. 5 W Leistung. DC5V\/2,1 A USB-Stromausgang.<br \/>Zusammensetzung: Nat\u00fcrlicher Bambus.<br \/>Bemerkungen: Reichweite: bis zu 6mm<br \/>\nEingangsspannung: DC 5 V \u2013 3 A<br \/>\nDrahtlose Ausgangsleistung: 5 V -1 A \/ 5 W.<br \/>\nUSB-AUSGANG: 5 V \u2013 2 A<br \/>\nMaterial: Bambus<br \/>\nGilt NUR f\u00fcr Mobilger\u00e4te mit kabelloser QI-Ladetechnologie.<br \/>\nBedienungsanleitung in 6 Sprachen: Spanisch, Englisch, Franz\u00f6sisch, Italienisch, Deutsch und Portugiesisch.<br \/>\nPr\u00e4sentation in \u00d6kodesign-Box.<\/p>","protected":false},"excerpt":{"rendered":"<p>Wireless charger with bamboo body. Up to 3 devices can be charged simultaneously. Compatible with devices with wireless charging technology.<\/p>","protected":false},"featured_media":11423,"comment_status":"open","ping_status":"closed","template":"","meta":[],"product_cat":[289,286],"product_tag":[],"class_list":{"0":"post-11422","1":"product","2":"type-product","3":"status-publish","4":"has-post-thumbnail","6":"product_cat-chargers","7":"product_cat-technology","9":"first","10":"instock","11":"shipping-taxable","12":"purchasable","13":"product-type-variable"},"_links":{"self":[{"href":"https:\/\/www.promotio.sk\/de\/wp-json\/wp\/v2\/product\/11422","targetHints":{"allow":["GET"]}}],"collection":[{"href":"https:\/\/www.promotio.sk\/de\/wp-json\/wp\/v2\/product"}],"about":[{"href":"https:\/\/www.promotio.sk\/de\/wp-json\/wp\/v2\/types\/product"}],"replies":[{"embeddable":true,"href":"https:\/\/www.promotio.sk\/de\/wp-json\/wp\/v2\/comments?post=11422"}],"wp:featuredmedia":[{"embeddable":true,"href":"https:\/\/www.promotio.sk\/de\/wp-json\/wp\/v2\/media\/11423"}],"wp:attachment":[{"href":"https:\/\/www.promotio.sk\/de\/wp-json\/wp\/v2\/media?parent=11422"}],"wp:term":[{"taxonomy":"product_cat","embeddable":true,"href":"https:\/\/www.promotio.sk\/de\/wp-json\/wp\/v2\/product_cat?post=11422"},{"taxonomy":"product_tag","embeddable":true,"href":"https:\/\/www.promotio.sk\/de\/wp-json\/wp\/v2\/product_tag?post=11422"}],"curies":[{"name":"wp","href":"https:\/\/api.w.org\/{rel}","templated":true}]}}