{"id":11416,"date":"2024-03-07T13:42:41","date_gmt":"2024-03-07T12:42:41","guid":{"rendered":"https:\/\/www.promotio.sk\/shop\/nezaraden\u00e9\/zibal\/"},"modified":"2024-03-07T13:43:18","modified_gmt":"2024-03-07T12:43:18","slug":"zibal","status":"publish","type":"product","link":"https:\/\/www.promotio.sk\/de\/shop\/promo-items\/technology\/chargers\/zibal\/","title":{"rendered":"ZIBAL"},"content":{"rendered":"<p>Kabelloses Ladeger\u00e4t mit Geh\u00e4use aus recyceltem ABS und Oberfl\u00e4che aus RPET-Gewebe. Legen Sie Ihr Smartphone darauf und lassen Sie es aufladen. Kompatibel mit Modellen mit 10-W-Wireless-Technologie. Inklusive Micro-USB-Kabel.<br \/>Zusammensetzung: Recyceltes ABS und RPET.<br \/>Bemerkungen: Eingangsspannung: DC 5 V, 2 A. Eingangsleistung: 5 W. Kabellose Ausgangsleistung: 5 W, 1 A.<br \/>\nLadeeffizienz: \u2264 83%<br \/>\nInklusive Micro-USB-Kabel.<br \/>\nBedienungsanleitung in 6 Sprachen: Spanisch, Englisch, Franz\u00f6sisch, Deutsch, Italienisch und Portugiesisch.<br \/>\nPr\u00e4sentation in \u00d6kodesign-Box.<\/p>","protected":false},"excerpt":{"rendered":"<p>Wireless charger made with recycled ABS body and top surface in RPET fabric. Place your smartphone on top of it<\/p>","protected":false},"featured_media":11417,"comment_status":"open","ping_status":"closed","template":"","meta":[],"product_cat":[289,286],"product_tag":[],"class_list":{"0":"post-11416","1":"product","2":"type-product","3":"status-publish","4":"has-post-thumbnail","6":"product_cat-chargers","7":"product_cat-technology","9":"first","10":"instock","11":"shipping-taxable","12":"purchasable","13":"product-type-variable"},"_links":{"self":[{"href":"https:\/\/www.promotio.sk\/de\/wp-json\/wp\/v2\/product\/11416","targetHints":{"allow":["GET"]}}],"collection":[{"href":"https:\/\/www.promotio.sk\/de\/wp-json\/wp\/v2\/product"}],"about":[{"href":"https:\/\/www.promotio.sk\/de\/wp-json\/wp\/v2\/types\/product"}],"replies":[{"embeddable":true,"href":"https:\/\/www.promotio.sk\/de\/wp-json\/wp\/v2\/comments?post=11416"}],"wp:featuredmedia":[{"embeddable":true,"href":"https:\/\/www.promotio.sk\/de\/wp-json\/wp\/v2\/media\/11417"}],"wp:attachment":[{"href":"https:\/\/www.promotio.sk\/de\/wp-json\/wp\/v2\/media?parent=11416"}],"wp:term":[{"taxonomy":"product_cat","embeddable":true,"href":"https:\/\/www.promotio.sk\/de\/wp-json\/wp\/v2\/product_cat?post=11416"},{"taxonomy":"product_tag","embeddable":true,"href":"https:\/\/www.promotio.sk\/de\/wp-json\/wp\/v2\/product_tag?post=11416"}],"curies":[{"name":"wp","href":"https:\/\/api.w.org\/{rel}","templated":true}]}}